{"id":3194011,"date":"2024-04-18T16:03:57","date_gmt":"2024-04-18T14:03:57","guid":{"rendered":"https:\/\/www.retourjeans.com\/product\/uma-optical-white\/"},"modified":"2026-04-14T04:58:03","modified_gmt":"2026-04-14T02:58:03","slug":"uma-optical-white","status":"publish","type":"product","link":"https:\/\/www.retourjeans.com\/de\/product\/uma-optical-white\/","title":{"rendered":"Uma"},"content":{"rendered":"<p>Luftige Shorts mit hoher Taille aus der Sommerkollektion von Retour Jeans. Die Shorts haben seitliche Taschen auf der Vorderseite und verf\u00fcgen \u00fcber einen verstellbaren Gummizug in der Taille sowie einen Hosenschlitz mit Knopf und Rei\u00dfverschluss.<\/p>","protected":false},"excerpt":{"rendered":"<p>Luftige Shorts mit hoher Taille aus der Sommerkollektion von Retour Jeans. Die Shorts haben seitliche Taschen auf der Vorderseite und verf\u00fcgen \u00fcber einen verstellbaren Gummizug in der Taille sowie einen Hosenschlitz mit Knopf und Rei\u00dfverschluss.<\/p>","protected":false},"featured_media":3481446,"template":"","meta":{"_acf_changed":false},"product_cat":[445,532,549,521],"product_tag":[787,754],"class_list":{"0":"post-3194011","1":"product","2":"type-product","3":"status-publish","4":"has-post-thumbnail","6":"product_cat-meisjes","7":"product_cat-shorts-445","8":"product_cat-shorts","9":"product_cat-sale","10":"product_tag-outlet","11":"product_tag-ss24-flash","13":"first","14":"outofstock","15":"sale","16":"taxable","17":"shipping-taxable","18":"purchasable","19":"product-type-variable","20":"has-default-attributes"},"acf":[],"yoast_head":"<!-- This site is optimized with the Yoast SEO plugin v23.6 - https:\/\/yoast.com\/wordpress\/plugins\/seo\/ -->\n<title>Uma - Retour Jeans<\/title>\n<meta name=\"robots\" content=\"index, follow, max-snippet:-1, max-image-preview:large, max-video-preview:-1\" \/>\n<link rel=\"canonical\" href=\"https:\/\/www.retourjeans.com\/de\/product\/uma-optical-white\/\" \/>\n<meta property=\"og:locale\" content=\"de_DE\" \/>\n<meta property=\"og:type\" content=\"article\" \/>\n<meta property=\"og:title\" content=\"Uma - Retour Jeans\" \/>\n<meta property=\"og:description\" content=\"Een luchtige short met een hoge taille uit de zomercollectie van Retour Jeans. De short heeft steekzakken voor en is voorzien van verstelbaar elastiek in de taille en een gulp met knoop- en ritssluiting.\" \/>\n<meta property=\"og:url\" content=\"https:\/\/www.retourjeans.com\/de\/product\/uma-optical-white\/\" \/>\n<meta property=\"og:site_name\" content=\"Retour Jeans\" \/>\n<meta property=\"article:modified_time\" content=\"2026-04-14T02:58:03+00:00\" \/>\n<meta property=\"og:image\" content=\"https:\/\/www.retourjeans.com\/wp-content\/uploads\/2024\/08\/e8da-f8e3-4cf4-b13b-04358a33302d-76.jpg\" \/>\n\t<meta property=\"og:image:width\" content=\"900\" \/>\n\t<meta property=\"og:image:height\" content=\"900\" \/>\n\t<meta property=\"og:image:type\" content=\"image\/jpeg\" \/>\n<meta name=\"twitter:card\" content=\"summary_large_image\" \/>\n<script type=\"application\/ld+json\" class=\"yoast-schema-graph\">{\"@context\":\"https:\/\/schema.org\",\"@graph\":[{\"@type\":\"WebPage\",\"@id\":\"https:\/\/www.retourjeans.com\/product\/uma-optical-white\/\",\"url\":\"https:\/\/www.retourjeans.com\/product\/uma-optical-white\/\",\"name\":\"Uma - Retour Jeans\",\"isPartOf\":{\"@id\":\"https:\/\/www.retourjeans.com\/#website\"},\"primaryImageOfPage\":{\"@id\":\"https:\/\/www.retourjeans.com\/product\/uma-optical-white\/#primaryimage\"},\"image\":{\"@id\":\"https:\/\/www.retourjeans.com\/product\/uma-optical-white\/#primaryimage\"},\"thumbnailUrl\":\"https:\/\/www.retourjeans.com\/wp-content\/uploads\/2025\/07\/e8da-f8e3-4cf4-b13b-04358a33302d-14.jpg\",\"datePublished\":\"2024-04-18T14:03:57+00:00\",\"dateModified\":\"2026-04-14T02:58:03+00:00\",\"breadcrumb\":{\"@id\":\"https:\/\/www.retourjeans.com\/product\/uma-optical-white\/#breadcrumb\"},\"inLanguage\":\"de-DE\",\"potentialAction\":[{\"@type\":\"ReadAction\",\"target\":[\"https:\/\/www.retourjeans.com\/product\/uma-optical-white\/\"]}]},{\"@type\":\"ImageObject\",\"inLanguage\":\"de-DE\",\"@id\":\"https:\/\/www.retourjeans.com\/product\/uma-optical-white\/#primaryimage\",\"url\":\"https:\/\/www.retourjeans.com\/wp-content\/uploads\/2025\/07\/e8da-f8e3-4cf4-b13b-04358a33302d-14.jpg\",\"contentUrl\":\"https:\/\/www.retourjeans.com\/wp-content\/uploads\/2025\/07\/e8da-f8e3-4cf4-b13b-04358a33302d-14.jpg\",\"width\":900,\"height\":900},{\"@type\":\"BreadcrumbList\",\"@id\":\"https:\/\/www.retourjeans.com\/product\/uma-optical-white\/#breadcrumb\",\"itemListElement\":[{\"@type\":\"ListItem\",\"position\":1,\"name\":\"Home\",\"item\":\"https:\/\/www.retourjeans.com\/\"},{\"@type\":\"ListItem\",\"position\":2,\"name\":\"Shop\",\"item\":\"https:\/\/www.retourjeans.com\/shop\/\"},{\"@type\":\"ListItem\",\"position\":3,\"name\":\"Uma\"}]},{\"@type\":\"WebSite\",\"@id\":\"https:\/\/www.retourjeans.com\/#website\",\"url\":\"https:\/\/www.retourjeans.com\/\",\"name\":\"Retour Jeans\",\"description\":\"\",\"potentialAction\":[{\"@type\":\"SearchAction\",\"target\":{\"@type\":\"EntryPoint\",\"urlTemplate\":\"https:\/\/www.retourjeans.com\/?s={search_term_string}\"},\"query-input\":{\"@type\":\"PropertyValueSpecification\",\"valueRequired\":true,\"valueName\":\"search_term_string\"}}],\"inLanguage\":\"de-DE\"}]}<\/script>\n<!-- \/ Yoast SEO plugin. -->","yoast_head_json":{"title":"Uma - Retour Jeans","robots":{"index":"index","follow":"follow","max-snippet":"max-snippet:-1","max-image-preview":"max-image-preview:large","max-video-preview":"max-video-preview:-1"},"canonical":"https:\/\/www.retourjeans.com\/de\/product\/uma-optical-white\/","og_locale":"de_DE","og_type":"article","og_title":"Uma - Retour Jeans","og_description":"Een luchtige short met een hoge taille uit de zomercollectie van Retour Jeans. De short heeft steekzakken voor en is voorzien van verstelbaar elastiek in de taille en een gulp met knoop- en ritssluiting.","og_url":"https:\/\/www.retourjeans.com\/de\/product\/uma-optical-white\/","og_site_name":"Retour Jeans","article_modified_time":"2026-04-14T02:58:03+00:00","og_image":[{"width":900,"height":900,"url":"https:\/\/www.retourjeans.com\/wp-content\/uploads\/2024\/08\/e8da-f8e3-4cf4-b13b-04358a33302d-76.jpg","type":"image\/jpeg"}],"twitter_card":"summary_large_image","schema":{"@context":"https:\/\/schema.org","@graph":[{"@type":"WebPage","@id":"https:\/\/www.retourjeans.com\/product\/uma-optical-white\/","url":"https:\/\/www.retourjeans.com\/product\/uma-optical-white\/","name":"Uma - Retour Jeans","isPartOf":{"@id":"https:\/\/www.retourjeans.com\/#website"},"primaryImageOfPage":{"@id":"https:\/\/www.retourjeans.com\/product\/uma-optical-white\/#primaryimage"},"image":{"@id":"https:\/\/www.retourjeans.com\/product\/uma-optical-white\/#primaryimage"},"thumbnailUrl":"https:\/\/www.retourjeans.com\/wp-content\/uploads\/2025\/07\/e8da-f8e3-4cf4-b13b-04358a33302d-14.jpg","datePublished":"2024-04-18T14:03:57+00:00","dateModified":"2026-04-14T02:58:03+00:00","breadcrumb":{"@id":"https:\/\/www.retourjeans.com\/product\/uma-optical-white\/#breadcrumb"},"inLanguage":"de-DE","potentialAction":[{"@type":"ReadAction","target":["https:\/\/www.retourjeans.com\/product\/uma-optical-white\/"]}]},{"@type":"ImageObject","inLanguage":"de-DE","@id":"https:\/\/www.retourjeans.com\/product\/uma-optical-white\/#primaryimage","url":"https:\/\/www.retourjeans.com\/wp-content\/uploads\/2025\/07\/e8da-f8e3-4cf4-b13b-04358a33302d-14.jpg","contentUrl":"https:\/\/www.retourjeans.com\/wp-content\/uploads\/2025\/07\/e8da-f8e3-4cf4-b13b-04358a33302d-14.jpg","width":900,"height":900},{"@type":"BreadcrumbList","@id":"https:\/\/www.retourjeans.com\/product\/uma-optical-white\/#breadcrumb","itemListElement":[{"@type":"ListItem","position":1,"name":"Home","item":"https:\/\/www.retourjeans.com\/"},{"@type":"ListItem","position":2,"name":"Shop","item":"https:\/\/www.retourjeans.com\/shop\/"},{"@type":"ListItem","position":3,"name":"Uma"}]},{"@type":"WebSite","@id":"https:\/\/www.retourjeans.com\/#website","url":"https:\/\/www.retourjeans.com\/","name":"Retour Jeans","description":"","potentialAction":[{"@type":"SearchAction","target":{"@type":"EntryPoint","urlTemplate":"https:\/\/www.retourjeans.com\/?s={search_term_string}"},"query-input":{"@type":"PropertyValueSpecification","valueRequired":true,"valueName":"search_term_string"}}],"inLanguage":"de-DE"}]}},"_links":{"self":[{"href":"https:\/\/www.retourjeans.com\/de\/wp-json\/wp\/v2\/product\/3194011"}],"collection":[{"href":"https:\/\/www.retourjeans.com\/de\/wp-json\/wp\/v2\/product"}],"about":[{"href":"https:\/\/www.retourjeans.com\/de\/wp-json\/wp\/v2\/types\/product"}],"wp:featuredmedia":[{"embeddable":true,"href":"https:\/\/www.retourjeans.com\/de\/wp-json\/wp\/v2\/media\/3481446"}],"wp:attachment":[{"href":"https:\/\/www.retourjeans.com\/de\/wp-json\/wp\/v2\/media?parent=3194011"}],"wp:term":[{"taxonomy":"product_cat","embeddable":true,"href":"https:\/\/www.retourjeans.com\/de\/wp-json\/wp\/v2\/product_cat?post=3194011"},{"taxonomy":"product_tag","embeddable":true,"href":"https:\/\/www.retourjeans.com\/de\/wp-json\/wp\/v2\/product_tag?post=3194011"}],"curies":[{"name":"wp","href":"https:\/\/api.w.org\/{rel}","templated":true}]}}