{"id":3230614,"date":"2024-07-18T13:50:49","date_gmt":"2024-07-18T11:50:49","guid":{"rendered":"https:\/\/www.retourjeans.com\/product\/gaby-lime\/"},"modified":"2026-04-30T05:01:02","modified_gmt":"2026-04-30T03:01:02","slug":"gaby-lime","status":"publish","type":"product","link":"https:\/\/www.retourjeans.com\/de\/product\/gaby-lime\/","title":{"rendered":"Gaby"},"content":{"rendered":"<p>Kurzer Kapuzenpulli aus der Winterkollektion von Retour Jeans mit einer \u00fcbergro\u00dfen Passform. Der Kapuzenpulli hat abgesenkte Schultern\u00e4hte, eine Kapuze und einen gerippten Abschluss an der Unterseite und am unteren Ende der \u00c4rmel.<\/p>","protected":false},"excerpt":{"rendered":"<p>Kurzer Kapuzenpulli aus der Winterkollektion von Retour Jeans mit einer \u00fcbergro\u00dfen Passform. Der Kapuzenpulli hat abgesenkte Schultern\u00e4hte, eine Kapuze und einen gerippten Abschluss an der Unterseite und am unteren Ende der \u00c4rmel.<\/p>","protected":false},"featured_media":3529522,"template":"","meta":{"_acf_changed":false},"product_cat":[445,515,541,521],"product_tag":[755],"class_list":{"0":"post-3230614","1":"product","2":"type-product","3":"status-publish","4":"has-post-thumbnail","6":"product_cat-meisjes","7":"product_cat-truien-amp-vesten-445","8":"product_cat-truien-amp-vesten","9":"product_cat-sale","10":"product_tag-fw24-main","12":"first","13":"instock","14":"sale","15":"taxable","16":"shipping-taxable","17":"purchasable","18":"product-type-variable","19":"has-default-attributes"},"acf":[],"yoast_head":"<!-- This site is optimized with the Yoast SEO plugin v23.6 - https:\/\/yoast.com\/wordpress\/plugins\/seo\/ -->\n<title>Gaby - Retour Jeans<\/title>\n<meta name=\"robots\" content=\"index, follow, max-snippet:-1, max-image-preview:large, max-video-preview:-1\" \/>\n<link rel=\"canonical\" href=\"https:\/\/www.retourjeans.com\/de\/product\/gaby-lime\/\" \/>\n<meta property=\"og:locale\" content=\"de_DE\" \/>\n<meta property=\"og:type\" content=\"article\" \/>\n<meta property=\"og:title\" content=\"Gaby - Retour Jeans\" \/>\n<meta property=\"og:description\" content=\"Korte hoodie uit de wintercollectie van Retour Jeans met een oversized fit. De hoodie heeft verlaagde schoudernaden, een capuchon en een geribde boord aan de onderkant en onder aan de mouwen.\" \/>\n<meta property=\"og:url\" content=\"https:\/\/www.retourjeans.com\/de\/product\/gaby-lime\/\" \/>\n<meta property=\"og:site_name\" content=\"Retour Jeans\" \/>\n<meta property=\"article:modified_time\" content=\"2026-04-30T03:01:02+00:00\" \/>\n<meta property=\"og:image\" content=\"https:\/\/www.retourjeans.com\/wp-content\/uploads\/2025\/02\/1a8d-5b93-4377-b140-9b8b8149a71a-20.jpg\" \/>\n\t<meta property=\"og:image:width\" content=\"900\" \/>\n\t<meta property=\"og:image:height\" content=\"900\" \/>\n\t<meta property=\"og:image:type\" content=\"image\/jpeg\" \/>\n<meta name=\"twitter:card\" content=\"summary_large_image\" \/>\n<script type=\"application\/ld+json\" class=\"yoast-schema-graph\">{\"@context\":\"https:\/\/schema.org\",\"@graph\":[{\"@type\":\"WebPage\",\"@id\":\"https:\/\/www.retourjeans.com\/product\/gaby-lime\/\",\"url\":\"https:\/\/www.retourjeans.com\/product\/gaby-lime\/\",\"name\":\"Gaby - Retour Jeans\",\"isPartOf\":{\"@id\":\"https:\/\/www.retourjeans.com\/#website\"},\"primaryImageOfPage\":{\"@id\":\"https:\/\/www.retourjeans.com\/product\/gaby-lime\/#primaryimage\"},\"image\":{\"@id\":\"https:\/\/www.retourjeans.com\/product\/gaby-lime\/#primaryimage\"},\"thumbnailUrl\":\"https:\/\/www.retourjeans.com\/wp-content\/uploads\/2025\/09\/1a8d-5b93-4377-b140-9b8b8149a71a-10.jpg\",\"datePublished\":\"2024-07-18T11:50:49+00:00\",\"dateModified\":\"2026-04-30T03:01:02+00:00\",\"breadcrumb\":{\"@id\":\"https:\/\/www.retourjeans.com\/product\/gaby-lime\/#breadcrumb\"},\"inLanguage\":\"de-DE\",\"potentialAction\":[{\"@type\":\"ReadAction\",\"target\":[\"https:\/\/www.retourjeans.com\/product\/gaby-lime\/\"]}]},{\"@type\":\"ImageObject\",\"inLanguage\":\"de-DE\",\"@id\":\"https:\/\/www.retourjeans.com\/product\/gaby-lime\/#primaryimage\",\"url\":\"https:\/\/www.retourjeans.com\/wp-content\/uploads\/2025\/09\/1a8d-5b93-4377-b140-9b8b8149a71a-10.jpg\",\"contentUrl\":\"https:\/\/www.retourjeans.com\/wp-content\/uploads\/2025\/09\/1a8d-5b93-4377-b140-9b8b8149a71a-10.jpg\",\"width\":900,\"height\":900},{\"@type\":\"BreadcrumbList\",\"@id\":\"https:\/\/www.retourjeans.com\/product\/gaby-lime\/#breadcrumb\",\"itemListElement\":[{\"@type\":\"ListItem\",\"position\":1,\"name\":\"Home\",\"item\":\"https:\/\/www.retourjeans.com\/\"},{\"@type\":\"ListItem\",\"position\":2,\"name\":\"Shop\",\"item\":\"https:\/\/www.retourjeans.com\/shop\/\"},{\"@type\":\"ListItem\",\"position\":3,\"name\":\"Gaby\"}]},{\"@type\":\"WebSite\",\"@id\":\"https:\/\/www.retourjeans.com\/#website\",\"url\":\"https:\/\/www.retourjeans.com\/\",\"name\":\"Retour Jeans\",\"description\":\"\",\"potentialAction\":[{\"@type\":\"SearchAction\",\"target\":{\"@type\":\"EntryPoint\",\"urlTemplate\":\"https:\/\/www.retourjeans.com\/?s={search_term_string}\"},\"query-input\":{\"@type\":\"PropertyValueSpecification\",\"valueRequired\":true,\"valueName\":\"search_term_string\"}}],\"inLanguage\":\"de-DE\"}]}<\/script>\n<!-- \/ Yoast SEO plugin. -->","yoast_head_json":{"title":"Gaby - Retour Jeans","robots":{"index":"index","follow":"follow","max-snippet":"max-snippet:-1","max-image-preview":"max-image-preview:large","max-video-preview":"max-video-preview:-1"},"canonical":"https:\/\/www.retourjeans.com\/de\/product\/gaby-lime\/","og_locale":"de_DE","og_type":"article","og_title":"Gaby - Retour Jeans","og_description":"Korte hoodie uit de wintercollectie van Retour Jeans met een oversized fit. De hoodie heeft verlaagde schoudernaden, een capuchon en een geribde boord aan de onderkant en onder aan de mouwen.","og_url":"https:\/\/www.retourjeans.com\/de\/product\/gaby-lime\/","og_site_name":"Retour Jeans","article_modified_time":"2026-04-30T03:01:02+00:00","og_image":[{"width":900,"height":900,"url":"https:\/\/www.retourjeans.com\/wp-content\/uploads\/2025\/02\/1a8d-5b93-4377-b140-9b8b8149a71a-20.jpg","type":"image\/jpeg"}],"twitter_card":"summary_large_image","schema":{"@context":"https:\/\/schema.org","@graph":[{"@type":"WebPage","@id":"https:\/\/www.retourjeans.com\/product\/gaby-lime\/","url":"https:\/\/www.retourjeans.com\/product\/gaby-lime\/","name":"Gaby - Retour Jeans","isPartOf":{"@id":"https:\/\/www.retourjeans.com\/#website"},"primaryImageOfPage":{"@id":"https:\/\/www.retourjeans.com\/product\/gaby-lime\/#primaryimage"},"image":{"@id":"https:\/\/www.retourjeans.com\/product\/gaby-lime\/#primaryimage"},"thumbnailUrl":"https:\/\/www.retourjeans.com\/wp-content\/uploads\/2025\/09\/1a8d-5b93-4377-b140-9b8b8149a71a-10.jpg","datePublished":"2024-07-18T11:50:49+00:00","dateModified":"2026-04-30T03:01:02+00:00","breadcrumb":{"@id":"https:\/\/www.retourjeans.com\/product\/gaby-lime\/#breadcrumb"},"inLanguage":"de-DE","potentialAction":[{"@type":"ReadAction","target":["https:\/\/www.retourjeans.com\/product\/gaby-lime\/"]}]},{"@type":"ImageObject","inLanguage":"de-DE","@id":"https:\/\/www.retourjeans.com\/product\/gaby-lime\/#primaryimage","url":"https:\/\/www.retourjeans.com\/wp-content\/uploads\/2025\/09\/1a8d-5b93-4377-b140-9b8b8149a71a-10.jpg","contentUrl":"https:\/\/www.retourjeans.com\/wp-content\/uploads\/2025\/09\/1a8d-5b93-4377-b140-9b8b8149a71a-10.jpg","width":900,"height":900},{"@type":"BreadcrumbList","@id":"https:\/\/www.retourjeans.com\/product\/gaby-lime\/#breadcrumb","itemListElement":[{"@type":"ListItem","position":1,"name":"Home","item":"https:\/\/www.retourjeans.com\/"},{"@type":"ListItem","position":2,"name":"Shop","item":"https:\/\/www.retourjeans.com\/shop\/"},{"@type":"ListItem","position":3,"name":"Gaby"}]},{"@type":"WebSite","@id":"https:\/\/www.retourjeans.com\/#website","url":"https:\/\/www.retourjeans.com\/","name":"Retour Jeans","description":"","potentialAction":[{"@type":"SearchAction","target":{"@type":"EntryPoint","urlTemplate":"https:\/\/www.retourjeans.com\/?s={search_term_string}"},"query-input":{"@type":"PropertyValueSpecification","valueRequired":true,"valueName":"search_term_string"}}],"inLanguage":"de-DE"}]}},"_links":{"self":[{"href":"https:\/\/www.retourjeans.com\/de\/wp-json\/wp\/v2\/product\/3230614"}],"collection":[{"href":"https:\/\/www.retourjeans.com\/de\/wp-json\/wp\/v2\/product"}],"about":[{"href":"https:\/\/www.retourjeans.com\/de\/wp-json\/wp\/v2\/types\/product"}],"wp:featuredmedia":[{"embeddable":true,"href":"https:\/\/www.retourjeans.com\/de\/wp-json\/wp\/v2\/media\/3529522"}],"wp:attachment":[{"href":"https:\/\/www.retourjeans.com\/de\/wp-json\/wp\/v2\/media?parent=3230614"}],"wp:term":[{"taxonomy":"product_cat","embeddable":true,"href":"https:\/\/www.retourjeans.com\/de\/wp-json\/wp\/v2\/product_cat?post=3230614"},{"taxonomy":"product_tag","embeddable":true,"href":"https:\/\/www.retourjeans.com\/de\/wp-json\/wp\/v2\/product_tag?post=3230614"}],"curies":[{"name":"wp","href":"https:\/\/api.w.org\/{rel}","templated":true}]}}