{"id":3255774,"date":"2024-08-01T09:56:40","date_gmt":"2024-08-01T07:56:40","guid":{"rendered":"https:\/\/www.retourjeans.com\/product\/barry-dark-navy\/"},"modified":"2026-04-10T05:19:04","modified_gmt":"2026-04-10T03:19:04","slug":"barry-dark-navy","status":"publish","type":"product","link":"https:\/\/www.retourjeans.com\/de\/product\/barry-dark-navy\/","title":{"rendered":"Barry"},"content":{"rendered":"<p>Eine Baseballjacke aus der Winterkollektion von Retour Jeans mit niedrigem Stehkragen. Die Jacke hat einen Rei\u00dfverschluss mit Patte und Druckknopfverschluss an der Vorderseite, Leistentaschen mit Druckknopf und einen Rippenbesatz am Hals, am Boden und am unteren Ende der \u00c4rmel. Die Jacke ist gef\u00fcttert, hat eine Innentasche mit Klettverschluss und \u00c4rmel aus Lederimitat.<\/p>","protected":false},"excerpt":{"rendered":"<p>Eine Baseballjacke aus der Winterkollektion von Retour Jeans mit niedrigem Stehkragen. Die Jacke hat einen Rei\u00dfverschluss mit Patte und Druckknopfverschluss an der Vorderseite, Leistentaschen mit Druckknopf und einen Rippenbesatz am Hals, am Boden und am unteren Ende der \u00c4rmel. Die Jacke ist gef\u00fcttert, hat eine Innentasche mit Klettverschluss und \u00c4rmel aus Lederimitat.<\/p>","protected":false},"featured_media":3529245,"template":"","meta":{"_acf_changed":false},"product_cat":[769,770,450,521],"product_tag":[755,787],"class_list":{"0":"post-3255774","1":"product","2":"type-product","3":"status-publish","4":"has-post-thumbnail","6":"product_cat-jassen-amp-outdoor-450","7":"product_cat-jassen-amp-outdoor","8":"product_cat-jongens","9":"product_cat-sale","10":"product_tag-fw24-main","11":"product_tag-outlet","13":"first","14":"instock","15":"sale","16":"taxable","17":"shipping-taxable","18":"purchasable","19":"product-type-variable","20":"has-default-attributes"},"acf":[],"yoast_head":"<!-- This site is optimized with the Yoast SEO plugin v23.6 - https:\/\/yoast.com\/wordpress\/plugins\/seo\/ -->\n<title>Barry - Retour Jeans<\/title>\n<meta name=\"robots\" content=\"index, follow, max-snippet:-1, max-image-preview:large, max-video-preview:-1\" \/>\n<link rel=\"canonical\" href=\"https:\/\/www.retourjeans.com\/de\/product\/barry-dark-navy\/\" \/>\n<meta property=\"og:locale\" content=\"de_DE\" \/>\n<meta property=\"og:type\" content=\"article\" \/>\n<meta property=\"og:title\" content=\"Barry - Retour Jeans\" \/>\n<meta property=\"og:description\" content=\"Een baseballjack uit de wintercollectie van Retour Jeans met lage opstaande kraag. Het jack heeft een ritssluiting met flap en drukknoopsluiting voor, paspelsteekzakken met drukknoop en een geribde boord langs de hals, aan de onderkant en onder aan de mouwen. Het jack is gevoerd, heeft een binnenzak met klittenbandsluiting en nepleren mouwen.\" \/>\n<meta property=\"og:url\" content=\"https:\/\/www.retourjeans.com\/de\/product\/barry-dark-navy\/\" \/>\n<meta property=\"og:site_name\" content=\"Retour Jeans\" \/>\n<meta property=\"article:modified_time\" content=\"2026-04-10T03:19:04+00:00\" \/>\n<meta property=\"og:image\" content=\"https:\/\/www.retourjeans.com\/wp-content\/uploads\/2025\/06\/b2e1-5c3e-43e4-ac7d-c7a2ff3b2494-14.jpg\" \/>\n\t<meta property=\"og:image:width\" content=\"900\" \/>\n\t<meta property=\"og:image:height\" content=\"900\" \/>\n\t<meta property=\"og:image:type\" content=\"image\/jpeg\" \/>\n<meta name=\"twitter:card\" content=\"summary_large_image\" \/>\n<script type=\"application\/ld+json\" class=\"yoast-schema-graph\">{\"@context\":\"https:\/\/schema.org\",\"@graph\":[{\"@type\":\"WebPage\",\"@id\":\"https:\/\/www.retourjeans.com\/product\/barry-dark-navy\/\",\"url\":\"https:\/\/www.retourjeans.com\/product\/barry-dark-navy\/\",\"name\":\"Barry - Retour Jeans\",\"isPartOf\":{\"@id\":\"https:\/\/www.retourjeans.com\/#website\"},\"primaryImageOfPage\":{\"@id\":\"https:\/\/www.retourjeans.com\/product\/barry-dark-navy\/#primaryimage\"},\"image\":{\"@id\":\"https:\/\/www.retourjeans.com\/product\/barry-dark-navy\/#primaryimage\"},\"thumbnailUrl\":\"https:\/\/www.retourjeans.com\/wp-content\/uploads\/2025\/09\/b2e1-5c3e-43e4-ac7d-c7a2ff3b2494-14.jpg\",\"datePublished\":\"2024-08-01T07:56:40+00:00\",\"dateModified\":\"2026-04-10T03:19:04+00:00\",\"breadcrumb\":{\"@id\":\"https:\/\/www.retourjeans.com\/product\/barry-dark-navy\/#breadcrumb\"},\"inLanguage\":\"de-DE\",\"potentialAction\":[{\"@type\":\"ReadAction\",\"target\":[\"https:\/\/www.retourjeans.com\/product\/barry-dark-navy\/\"]}]},{\"@type\":\"ImageObject\",\"inLanguage\":\"de-DE\",\"@id\":\"https:\/\/www.retourjeans.com\/product\/barry-dark-navy\/#primaryimage\",\"url\":\"https:\/\/www.retourjeans.com\/wp-content\/uploads\/2025\/09\/b2e1-5c3e-43e4-ac7d-c7a2ff3b2494-14.jpg\",\"contentUrl\":\"https:\/\/www.retourjeans.com\/wp-content\/uploads\/2025\/09\/b2e1-5c3e-43e4-ac7d-c7a2ff3b2494-14.jpg\",\"width\":900,\"height\":900},{\"@type\":\"BreadcrumbList\",\"@id\":\"https:\/\/www.retourjeans.com\/product\/barry-dark-navy\/#breadcrumb\",\"itemListElement\":[{\"@type\":\"ListItem\",\"position\":1,\"name\":\"Home\",\"item\":\"https:\/\/www.retourjeans.com\/\"},{\"@type\":\"ListItem\",\"position\":2,\"name\":\"Shop\",\"item\":\"https:\/\/www.retourjeans.com\/shop\/\"},{\"@type\":\"ListItem\",\"position\":3,\"name\":\"Barry\"}]},{\"@type\":\"WebSite\",\"@id\":\"https:\/\/www.retourjeans.com\/#website\",\"url\":\"https:\/\/www.retourjeans.com\/\",\"name\":\"Retour Jeans\",\"description\":\"\",\"potentialAction\":[{\"@type\":\"SearchAction\",\"target\":{\"@type\":\"EntryPoint\",\"urlTemplate\":\"https:\/\/www.retourjeans.com\/?s={search_term_string}\"},\"query-input\":{\"@type\":\"PropertyValueSpecification\",\"valueRequired\":true,\"valueName\":\"search_term_string\"}}],\"inLanguage\":\"de-DE\"}]}<\/script>\n<!-- \/ Yoast SEO plugin. -->","yoast_head_json":{"title":"Barry - Retour Jeans","robots":{"index":"index","follow":"follow","max-snippet":"max-snippet:-1","max-image-preview":"max-image-preview:large","max-video-preview":"max-video-preview:-1"},"canonical":"https:\/\/www.retourjeans.com\/de\/product\/barry-dark-navy\/","og_locale":"de_DE","og_type":"article","og_title":"Barry - Retour Jeans","og_description":"Een baseballjack uit de wintercollectie van Retour Jeans met lage opstaande kraag. Het jack heeft een ritssluiting met flap en drukknoopsluiting voor, paspelsteekzakken met drukknoop en een geribde boord langs de hals, aan de onderkant en onder aan de mouwen. Het jack is gevoerd, heeft een binnenzak met klittenbandsluiting en nepleren mouwen.","og_url":"https:\/\/www.retourjeans.com\/de\/product\/barry-dark-navy\/","og_site_name":"Retour Jeans","article_modified_time":"2026-04-10T03:19:04+00:00","og_image":[{"width":900,"height":900,"url":"https:\/\/www.retourjeans.com\/wp-content\/uploads\/2025\/06\/b2e1-5c3e-43e4-ac7d-c7a2ff3b2494-14.jpg","type":"image\/jpeg"}],"twitter_card":"summary_large_image","schema":{"@context":"https:\/\/schema.org","@graph":[{"@type":"WebPage","@id":"https:\/\/www.retourjeans.com\/product\/barry-dark-navy\/","url":"https:\/\/www.retourjeans.com\/product\/barry-dark-navy\/","name":"Barry - Retour Jeans","isPartOf":{"@id":"https:\/\/www.retourjeans.com\/#website"},"primaryImageOfPage":{"@id":"https:\/\/www.retourjeans.com\/product\/barry-dark-navy\/#primaryimage"},"image":{"@id":"https:\/\/www.retourjeans.com\/product\/barry-dark-navy\/#primaryimage"},"thumbnailUrl":"https:\/\/www.retourjeans.com\/wp-content\/uploads\/2025\/09\/b2e1-5c3e-43e4-ac7d-c7a2ff3b2494-14.jpg","datePublished":"2024-08-01T07:56:40+00:00","dateModified":"2026-04-10T03:19:04+00:00","breadcrumb":{"@id":"https:\/\/www.retourjeans.com\/product\/barry-dark-navy\/#breadcrumb"},"inLanguage":"de-DE","potentialAction":[{"@type":"ReadAction","target":["https:\/\/www.retourjeans.com\/product\/barry-dark-navy\/"]}]},{"@type":"ImageObject","inLanguage":"de-DE","@id":"https:\/\/www.retourjeans.com\/product\/barry-dark-navy\/#primaryimage","url":"https:\/\/www.retourjeans.com\/wp-content\/uploads\/2025\/09\/b2e1-5c3e-43e4-ac7d-c7a2ff3b2494-14.jpg","contentUrl":"https:\/\/www.retourjeans.com\/wp-content\/uploads\/2025\/09\/b2e1-5c3e-43e4-ac7d-c7a2ff3b2494-14.jpg","width":900,"height":900},{"@type":"BreadcrumbList","@id":"https:\/\/www.retourjeans.com\/product\/barry-dark-navy\/#breadcrumb","itemListElement":[{"@type":"ListItem","position":1,"name":"Home","item":"https:\/\/www.retourjeans.com\/"},{"@type":"ListItem","position":2,"name":"Shop","item":"https:\/\/www.retourjeans.com\/shop\/"},{"@type":"ListItem","position":3,"name":"Barry"}]},{"@type":"WebSite","@id":"https:\/\/www.retourjeans.com\/#website","url":"https:\/\/www.retourjeans.com\/","name":"Retour Jeans","description":"","potentialAction":[{"@type":"SearchAction","target":{"@type":"EntryPoint","urlTemplate":"https:\/\/www.retourjeans.com\/?s={search_term_string}"},"query-input":{"@type":"PropertyValueSpecification","valueRequired":true,"valueName":"search_term_string"}}],"inLanguage":"de-DE"}]}},"_links":{"self":[{"href":"https:\/\/www.retourjeans.com\/de\/wp-json\/wp\/v2\/product\/3255774"}],"collection":[{"href":"https:\/\/www.retourjeans.com\/de\/wp-json\/wp\/v2\/product"}],"about":[{"href":"https:\/\/www.retourjeans.com\/de\/wp-json\/wp\/v2\/types\/product"}],"wp:featuredmedia":[{"embeddable":true,"href":"https:\/\/www.retourjeans.com\/de\/wp-json\/wp\/v2\/media\/3529245"}],"wp:attachment":[{"href":"https:\/\/www.retourjeans.com\/de\/wp-json\/wp\/v2\/media?parent=3255774"}],"wp:term":[{"taxonomy":"product_cat","embeddable":true,"href":"https:\/\/www.retourjeans.com\/de\/wp-json\/wp\/v2\/product_cat?post=3255774"},{"taxonomy":"product_tag","embeddable":true,"href":"https:\/\/www.retourjeans.com\/de\/wp-json\/wp\/v2\/product_tag?post=3255774"}],"curies":[{"name":"wp","href":"https:\/\/api.w.org\/{rel}","templated":true}]}}