{"id":3257747,"date":"2024-08-02T10:25:51","date_gmt":"2024-08-02T08:25:51","guid":{"rendered":"https:\/\/www.retourjeans.com\/product\/shelly-warm-peach\/"},"modified":"2026-04-10T06:22:03","modified_gmt":"2026-04-10T04:22:03","slug":"shelly-warm-peach","status":"publish","type":"product","link":"https:\/\/www.retourjeans.com\/de\/product\/shelly-warm-peach\/","title":{"rendered":"Shelly"},"content":{"rendered":"<p>Eine Steppjacke in gesteppter Qualit\u00e4t aus der Winterkollektion von Retour Jeans. Die Jacke hat einen Frontrei\u00dfverschluss mit Kinnschutz, Rei\u00dfverschlusstaschen vorne und eine Innentasche mit Druckknopf und eine abnehmbare Kapuze. Die Jacke hat einen gef\u00fctterten Gummizug an der Unterseite.<\/p>","protected":false},"excerpt":{"rendered":"<p>Eine Steppjacke in gesteppter Qualit\u00e4t aus der Winterkollektion von Retour Jeans. Die Jacke hat einen Frontrei\u00dfverschluss mit Kinnschutz, Rei\u00dfverschlusstaschen vorne und eine Innentasche mit Druckknopf und eine abnehmbare Kapuze. Die Jacke hat einen gef\u00fctterten Gummizug an der Unterseite.<\/p>","protected":false},"featured_media":3528626,"template":"","meta":{"_acf_changed":false},"product_cat":[770,772,445,521],"product_tag":[755,787],"class_list":{"0":"post-3257747","1":"product","2":"type-product","3":"status-publish","4":"has-post-thumbnail","6":"product_cat-jassen-amp-outdoor","7":"product_cat-jassen-amp-outdoor-445","8":"product_cat-meisjes","9":"product_cat-sale","10":"product_tag-fw24-main","11":"product_tag-outlet","13":"first","14":"instock","15":"sale","16":"taxable","17":"shipping-taxable","18":"purchasable","19":"product-type-variable","20":"has-default-attributes"},"acf":[],"yoast_head":"<!-- This site is optimized with the Yoast SEO plugin v23.6 - https:\/\/yoast.com\/wordpress\/plugins\/seo\/ -->\n<title>Shelly - Retour Jeans<\/title>\n<meta name=\"robots\" content=\"index, follow, max-snippet:-1, max-image-preview:large, max-video-preview:-1\" \/>\n<link rel=\"canonical\" href=\"https:\/\/www.retourjeans.com\/de\/product\/shelly-warm-peach\/\" \/>\n<meta property=\"og:locale\" content=\"de_DE\" \/>\n<meta property=\"og:type\" content=\"article\" \/>\n<meta property=\"og:title\" content=\"Shelly - Retour Jeans\" \/>\n<meta property=\"og:description\" content=\"Een gewatteerde jas van een doorgestikte kwaliteit uit de wintercollectie van Retour Jeans. De jas heeft ritssluiting voor met kinbescherming, zakken met ritssluiting aan de voorzijde en een binnenzak met drukknoop en een afneembare capuchon. De jas heeft bekleed elastiek aan de onderkant.\" \/>\n<meta property=\"og:url\" content=\"https:\/\/www.retourjeans.com\/de\/product\/shelly-warm-peach\/\" \/>\n<meta property=\"og:site_name\" content=\"Retour Jeans\" \/>\n<meta property=\"article:modified_time\" content=\"2026-04-10T04:22:03+00:00\" \/>\n<meta property=\"og:image\" content=\"https:\/\/www.retourjeans.com\/wp-content\/uploads\/2025\/06\/1e8b-735c-489d-ae3a-a0bfd161f542-14.jpg\" \/>\n\t<meta property=\"og:image:width\" content=\"900\" \/>\n\t<meta property=\"og:image:height\" content=\"900\" \/>\n\t<meta property=\"og:image:type\" content=\"image\/jpeg\" \/>\n<meta name=\"twitter:card\" content=\"summary_large_image\" \/>\n<script type=\"application\/ld+json\" class=\"yoast-schema-graph\">{\"@context\":\"https:\/\/schema.org\",\"@graph\":[{\"@type\":\"WebPage\",\"@id\":\"https:\/\/www.retourjeans.com\/product\/shelly-warm-peach\/\",\"url\":\"https:\/\/www.retourjeans.com\/product\/shelly-warm-peach\/\",\"name\":\"Shelly - Retour Jeans\",\"isPartOf\":{\"@id\":\"https:\/\/www.retourjeans.com\/#website\"},\"primaryImageOfPage\":{\"@id\":\"https:\/\/www.retourjeans.com\/product\/shelly-warm-peach\/#primaryimage\"},\"image\":{\"@id\":\"https:\/\/www.retourjeans.com\/product\/shelly-warm-peach\/#primaryimage\"},\"thumbnailUrl\":\"https:\/\/www.retourjeans.com\/wp-content\/uploads\/2025\/09\/1e8b-735c-489d-ae3a-a0bfd161f542-14.jpg\",\"datePublished\":\"2024-08-02T08:25:51+00:00\",\"dateModified\":\"2026-04-10T04:22:03+00:00\",\"breadcrumb\":{\"@id\":\"https:\/\/www.retourjeans.com\/product\/shelly-warm-peach\/#breadcrumb\"},\"inLanguage\":\"de-DE\",\"potentialAction\":[{\"@type\":\"ReadAction\",\"target\":[\"https:\/\/www.retourjeans.com\/product\/shelly-warm-peach\/\"]}]},{\"@type\":\"ImageObject\",\"inLanguage\":\"de-DE\",\"@id\":\"https:\/\/www.retourjeans.com\/product\/shelly-warm-peach\/#primaryimage\",\"url\":\"https:\/\/www.retourjeans.com\/wp-content\/uploads\/2025\/09\/1e8b-735c-489d-ae3a-a0bfd161f542-14.jpg\",\"contentUrl\":\"https:\/\/www.retourjeans.com\/wp-content\/uploads\/2025\/09\/1e8b-735c-489d-ae3a-a0bfd161f542-14.jpg\",\"width\":900,\"height\":900},{\"@type\":\"BreadcrumbList\",\"@id\":\"https:\/\/www.retourjeans.com\/product\/shelly-warm-peach\/#breadcrumb\",\"itemListElement\":[{\"@type\":\"ListItem\",\"position\":1,\"name\":\"Home\",\"item\":\"https:\/\/www.retourjeans.com\/\"},{\"@type\":\"ListItem\",\"position\":2,\"name\":\"Shop\",\"item\":\"https:\/\/www.retourjeans.com\/shop\/\"},{\"@type\":\"ListItem\",\"position\":3,\"name\":\"Shelly\"}]},{\"@type\":\"WebSite\",\"@id\":\"https:\/\/www.retourjeans.com\/#website\",\"url\":\"https:\/\/www.retourjeans.com\/\",\"name\":\"Retour Jeans\",\"description\":\"\",\"potentialAction\":[{\"@type\":\"SearchAction\",\"target\":{\"@type\":\"EntryPoint\",\"urlTemplate\":\"https:\/\/www.retourjeans.com\/?s={search_term_string}\"},\"query-input\":{\"@type\":\"PropertyValueSpecification\",\"valueRequired\":true,\"valueName\":\"search_term_string\"}}],\"inLanguage\":\"de-DE\"}]}<\/script>\n<!-- \/ Yoast SEO plugin. -->","yoast_head_json":{"title":"Shelly - Retour Jeans","robots":{"index":"index","follow":"follow","max-snippet":"max-snippet:-1","max-image-preview":"max-image-preview:large","max-video-preview":"max-video-preview:-1"},"canonical":"https:\/\/www.retourjeans.com\/de\/product\/shelly-warm-peach\/","og_locale":"de_DE","og_type":"article","og_title":"Shelly - Retour Jeans","og_description":"Een gewatteerde jas van een doorgestikte kwaliteit uit de wintercollectie van Retour Jeans. De jas heeft ritssluiting voor met kinbescherming, zakken met ritssluiting aan de voorzijde en een binnenzak met drukknoop en een afneembare capuchon. De jas heeft bekleed elastiek aan de onderkant.","og_url":"https:\/\/www.retourjeans.com\/de\/product\/shelly-warm-peach\/","og_site_name":"Retour Jeans","article_modified_time":"2026-04-10T04:22:03+00:00","og_image":[{"width":900,"height":900,"url":"https:\/\/www.retourjeans.com\/wp-content\/uploads\/2025\/06\/1e8b-735c-489d-ae3a-a0bfd161f542-14.jpg","type":"image\/jpeg"}],"twitter_card":"summary_large_image","schema":{"@context":"https:\/\/schema.org","@graph":[{"@type":"WebPage","@id":"https:\/\/www.retourjeans.com\/product\/shelly-warm-peach\/","url":"https:\/\/www.retourjeans.com\/product\/shelly-warm-peach\/","name":"Shelly - Retour Jeans","isPartOf":{"@id":"https:\/\/www.retourjeans.com\/#website"},"primaryImageOfPage":{"@id":"https:\/\/www.retourjeans.com\/product\/shelly-warm-peach\/#primaryimage"},"image":{"@id":"https:\/\/www.retourjeans.com\/product\/shelly-warm-peach\/#primaryimage"},"thumbnailUrl":"https:\/\/www.retourjeans.com\/wp-content\/uploads\/2025\/09\/1e8b-735c-489d-ae3a-a0bfd161f542-14.jpg","datePublished":"2024-08-02T08:25:51+00:00","dateModified":"2026-04-10T04:22:03+00:00","breadcrumb":{"@id":"https:\/\/www.retourjeans.com\/product\/shelly-warm-peach\/#breadcrumb"},"inLanguage":"de-DE","potentialAction":[{"@type":"ReadAction","target":["https:\/\/www.retourjeans.com\/product\/shelly-warm-peach\/"]}]},{"@type":"ImageObject","inLanguage":"de-DE","@id":"https:\/\/www.retourjeans.com\/product\/shelly-warm-peach\/#primaryimage","url":"https:\/\/www.retourjeans.com\/wp-content\/uploads\/2025\/09\/1e8b-735c-489d-ae3a-a0bfd161f542-14.jpg","contentUrl":"https:\/\/www.retourjeans.com\/wp-content\/uploads\/2025\/09\/1e8b-735c-489d-ae3a-a0bfd161f542-14.jpg","width":900,"height":900},{"@type":"BreadcrumbList","@id":"https:\/\/www.retourjeans.com\/product\/shelly-warm-peach\/#breadcrumb","itemListElement":[{"@type":"ListItem","position":1,"name":"Home","item":"https:\/\/www.retourjeans.com\/"},{"@type":"ListItem","position":2,"name":"Shop","item":"https:\/\/www.retourjeans.com\/shop\/"},{"@type":"ListItem","position":3,"name":"Shelly"}]},{"@type":"WebSite","@id":"https:\/\/www.retourjeans.com\/#website","url":"https:\/\/www.retourjeans.com\/","name":"Retour Jeans","description":"","potentialAction":[{"@type":"SearchAction","target":{"@type":"EntryPoint","urlTemplate":"https:\/\/www.retourjeans.com\/?s={search_term_string}"},"query-input":{"@type":"PropertyValueSpecification","valueRequired":true,"valueName":"search_term_string"}}],"inLanguage":"de-DE"}]}},"_links":{"self":[{"href":"https:\/\/www.retourjeans.com\/de\/wp-json\/wp\/v2\/product\/3257747"}],"collection":[{"href":"https:\/\/www.retourjeans.com\/de\/wp-json\/wp\/v2\/product"}],"about":[{"href":"https:\/\/www.retourjeans.com\/de\/wp-json\/wp\/v2\/types\/product"}],"wp:featuredmedia":[{"embeddable":true,"href":"https:\/\/www.retourjeans.com\/de\/wp-json\/wp\/v2\/media\/3528626"}],"wp:attachment":[{"href":"https:\/\/www.retourjeans.com\/de\/wp-json\/wp\/v2\/media?parent=3257747"}],"wp:term":[{"taxonomy":"product_cat","embeddable":true,"href":"https:\/\/www.retourjeans.com\/de\/wp-json\/wp\/v2\/product_cat?post=3257747"},{"taxonomy":"product_tag","embeddable":true,"href":"https:\/\/www.retourjeans.com\/de\/wp-json\/wp\/v2\/product_tag?post=3257747"}],"curies":[{"name":"wp","href":"https:\/\/api.w.org\/{rel}","templated":true}]}}