{"id":3295343,"date":"2024-08-09T15:51:58","date_gmt":"2024-08-09T13:51:58","guid":{"rendered":"https:\/\/www.retourjeans.com\/product\/score-dark-navy\/"},"modified":"2026-04-10T05:19:02","modified_gmt":"2026-04-10T03:19:02","slug":"score-dark-navy","status":"publish","type":"product","link":"https:\/\/www.retourjeans.com\/de\/product\/score-dark-navy\/","title":{"rendered":"Ergebnis"},"content":{"rendered":"<p>Sportlich gef\u00fcttertes Longsleeve aus Trainingsanzugmaterial aus der Performance Kollektion von Retour Jeans. Es verf\u00fcgt \u00fcber einen Stehkragen mit halbem Rei\u00dfverschluss, Daumenl\u00f6cher am unteren Ende der \u00c4rmel und ein weiches Fleecefutter.<\/p>","protected":false},"excerpt":{"rendered":"<p>Sportlich gef\u00fcttertes Longsleeve aus Trainingsanzugmaterial aus der Performance Kollektion von Retour Jeans. Es verf\u00fcgt \u00fcber einen Stehkragen mit halbem Rei\u00dfverschluss, Daumenl\u00f6cher am unteren Ende der \u00c4rmel und ein weiches Fleecefutter.<\/p>","protected":false},"featured_media":3530495,"template":"","meta":{"_acf_changed":false},"product_cat":[450,716,717,521],"product_tag":[755],"class_list":{"0":"post-3295343","1":"product","2":"type-product","3":"status-publish","4":"has-post-thumbnail","6":"product_cat-jongens","7":"product_cat-t-shirts-amp-polos-450","8":"product_cat-t-shirts-amp-polos","9":"product_cat-sale","10":"product_tag-fw24-main","11":"product_label-performance","13":"first","14":"outofstock","15":"sale","16":"taxable","17":"shipping-taxable","18":"purchasable","19":"product-type-variable","20":"has-default-attributes"},"acf":[],"yoast_head":"<!-- This site is optimized with the Yoast SEO plugin v23.6 - https:\/\/yoast.com\/wordpress\/plugins\/seo\/ -->\n<title>Score - Retour Jeans<\/title>\n<meta name=\"robots\" content=\"index, follow, max-snippet:-1, max-image-preview:large, max-video-preview:-1\" \/>\n<link rel=\"canonical\" href=\"https:\/\/www.retourjeans.com\/de\/product\/score-dark-navy\/\" \/>\n<meta property=\"og:locale\" content=\"de_DE\" \/>\n<meta property=\"og:type\" content=\"article\" \/>\n<meta property=\"og:title\" content=\"Score - Retour Jeans\" \/>\n<meta property=\"og:description\" content=\"Sportieve gevoerde longsleeve van tracking suit materiaal uit de Performance collectie van Retour Jeans. Het model heeft een opstaande kraag met halve ritssluiting, duimsgaten onderaan de mouwen en een zachte fleecevoering.\" \/>\n<meta property=\"og:url\" content=\"https:\/\/www.retourjeans.com\/de\/product\/score-dark-navy\/\" \/>\n<meta property=\"og:site_name\" content=\"Retour Jeans\" \/>\n<meta property=\"article:modified_time\" content=\"2026-04-10T03:19:02+00:00\" \/>\n<meta property=\"og:image\" content=\"https:\/\/www.retourjeans.com\/wp-content\/uploads\/2024\/08\/83fa-79ff-4891-a684-60522bfdf8e2-36.jpg\" \/>\n\t<meta property=\"og:image:width\" content=\"900\" \/>\n\t<meta property=\"og:image:height\" content=\"900\" \/>\n\t<meta property=\"og:image:type\" content=\"image\/jpeg\" \/>\n<meta name=\"twitter:card\" content=\"summary_large_image\" \/>\n<script type=\"application\/ld+json\" class=\"yoast-schema-graph\">{\"@context\":\"https:\/\/schema.org\",\"@graph\":[{\"@type\":\"WebPage\",\"@id\":\"https:\/\/www.retourjeans.com\/de\/product\/score-dark-navy\/\",\"url\":\"https:\/\/www.retourjeans.com\/de\/product\/score-dark-navy\/\",\"name\":\"Score - Retour Jeans\",\"isPartOf\":{\"@id\":\"https:\/\/www.retourjeans.com\/#website\"},\"primaryImageOfPage\":{\"@id\":\"https:\/\/www.retourjeans.com\/de\/product\/score-dark-navy\/#primaryimage\"},\"image\":{\"@id\":\"https:\/\/www.retourjeans.com\/de\/product\/score-dark-navy\/#primaryimage\"},\"thumbnailUrl\":\"https:\/\/www.retourjeans.com\/wp-content\/uploads\/2025\/09\/83fa-79ff-4891-a684-60522bfdf8e2-14.jpg\",\"datePublished\":\"2024-08-09T13:51:58+00:00\",\"dateModified\":\"2026-04-10T03:19:02+00:00\",\"breadcrumb\":{\"@id\":\"https:\/\/www.retourjeans.com\/de\/product\/score-dark-navy\/#breadcrumb\"},\"inLanguage\":\"de-DE\",\"potentialAction\":[{\"@type\":\"ReadAction\",\"target\":[\"https:\/\/www.retourjeans.com\/de\/product\/score-dark-navy\/\"]}]},{\"@type\":\"ImageObject\",\"inLanguage\":\"de-DE\",\"@id\":\"https:\/\/www.retourjeans.com\/de\/product\/score-dark-navy\/#primaryimage\",\"url\":\"https:\/\/www.retourjeans.com\/wp-content\/uploads\/2025\/09\/83fa-79ff-4891-a684-60522bfdf8e2-14.jpg\",\"contentUrl\":\"https:\/\/www.retourjeans.com\/wp-content\/uploads\/2025\/09\/83fa-79ff-4891-a684-60522bfdf8e2-14.jpg\",\"width\":900,\"height\":900},{\"@type\":\"BreadcrumbList\",\"@id\":\"https:\/\/www.retourjeans.com\/de\/product\/score-dark-navy\/#breadcrumb\",\"itemListElement\":[{\"@type\":\"ListItem\",\"position\":1,\"name\":\"Home\",\"item\":\"https:\/\/www.retourjeans.com\/\"},{\"@type\":\"ListItem\",\"position\":2,\"name\":\"Shop\",\"item\":\"https:\/\/www.retourjeans.com\/shop\/\"},{\"@type\":\"ListItem\",\"position\":3,\"name\":\"Score\"}]},{\"@type\":\"WebSite\",\"@id\":\"https:\/\/www.retourjeans.com\/#website\",\"url\":\"https:\/\/www.retourjeans.com\/\",\"name\":\"Retour Jeans\",\"description\":\"\",\"potentialAction\":[{\"@type\":\"SearchAction\",\"target\":{\"@type\":\"EntryPoint\",\"urlTemplate\":\"https:\/\/www.retourjeans.com\/?s={search_term_string}\"},\"query-input\":{\"@type\":\"PropertyValueSpecification\",\"valueRequired\":true,\"valueName\":\"search_term_string\"}}],\"inLanguage\":\"de-DE\"}]}<\/script>\n<!-- \/ Yoast SEO plugin. -->","yoast_head_json":{"title":"Score - Retour Jeans","robots":{"index":"index","follow":"follow","max-snippet":"max-snippet:-1","max-image-preview":"max-image-preview:large","max-video-preview":"max-video-preview:-1"},"canonical":"https:\/\/www.retourjeans.com\/de\/product\/score-dark-navy\/","og_locale":"de_DE","og_type":"article","og_title":"Score - Retour Jeans","og_description":"Sportieve gevoerde longsleeve van tracking suit materiaal uit de Performance collectie van Retour Jeans. Het model heeft een opstaande kraag met halve ritssluiting, duimsgaten onderaan de mouwen en een zachte fleecevoering.","og_url":"https:\/\/www.retourjeans.com\/de\/product\/score-dark-navy\/","og_site_name":"Retour Jeans","article_modified_time":"2026-04-10T03:19:02+00:00","og_image":[{"width":900,"height":900,"url":"https:\/\/www.retourjeans.com\/wp-content\/uploads\/2024\/08\/83fa-79ff-4891-a684-60522bfdf8e2-36.jpg","type":"image\/jpeg"}],"twitter_card":"summary_large_image","schema":{"@context":"https:\/\/schema.org","@graph":[{"@type":"WebPage","@id":"https:\/\/www.retourjeans.com\/de\/product\/score-dark-navy\/","url":"https:\/\/www.retourjeans.com\/de\/product\/score-dark-navy\/","name":"Score - Retour Jeans","isPartOf":{"@id":"https:\/\/www.retourjeans.com\/#website"},"primaryImageOfPage":{"@id":"https:\/\/www.retourjeans.com\/de\/product\/score-dark-navy\/#primaryimage"},"image":{"@id":"https:\/\/www.retourjeans.com\/de\/product\/score-dark-navy\/#primaryimage"},"thumbnailUrl":"https:\/\/www.retourjeans.com\/wp-content\/uploads\/2025\/09\/83fa-79ff-4891-a684-60522bfdf8e2-14.jpg","datePublished":"2024-08-09T13:51:58+00:00","dateModified":"2026-04-10T03:19:02+00:00","breadcrumb":{"@id":"https:\/\/www.retourjeans.com\/de\/product\/score-dark-navy\/#breadcrumb"},"inLanguage":"de-DE","potentialAction":[{"@type":"ReadAction","target":["https:\/\/www.retourjeans.com\/de\/product\/score-dark-navy\/"]}]},{"@type":"ImageObject","inLanguage":"de-DE","@id":"https:\/\/www.retourjeans.com\/de\/product\/score-dark-navy\/#primaryimage","url":"https:\/\/www.retourjeans.com\/wp-content\/uploads\/2025\/09\/83fa-79ff-4891-a684-60522bfdf8e2-14.jpg","contentUrl":"https:\/\/www.retourjeans.com\/wp-content\/uploads\/2025\/09\/83fa-79ff-4891-a684-60522bfdf8e2-14.jpg","width":900,"height":900},{"@type":"BreadcrumbList","@id":"https:\/\/www.retourjeans.com\/de\/product\/score-dark-navy\/#breadcrumb","itemListElement":[{"@type":"ListItem","position":1,"name":"Home","item":"https:\/\/www.retourjeans.com\/"},{"@type":"ListItem","position":2,"name":"Shop","item":"https:\/\/www.retourjeans.com\/shop\/"},{"@type":"ListItem","position":3,"name":"Score"}]},{"@type":"WebSite","@id":"https:\/\/www.retourjeans.com\/#website","url":"https:\/\/www.retourjeans.com\/","name":"Retour Jeans","description":"","potentialAction":[{"@type":"SearchAction","target":{"@type":"EntryPoint","urlTemplate":"https:\/\/www.retourjeans.com\/?s={search_term_string}"},"query-input":{"@type":"PropertyValueSpecification","valueRequired":true,"valueName":"search_term_string"}}],"inLanguage":"de-DE"}]}},"_links":{"self":[{"href":"https:\/\/www.retourjeans.com\/de\/wp-json\/wp\/v2\/product\/3295343"}],"collection":[{"href":"https:\/\/www.retourjeans.com\/de\/wp-json\/wp\/v2\/product"}],"about":[{"href":"https:\/\/www.retourjeans.com\/de\/wp-json\/wp\/v2\/types\/product"}],"wp:featuredmedia":[{"embeddable":true,"href":"https:\/\/www.retourjeans.com\/de\/wp-json\/wp\/v2\/media\/3530495"}],"wp:attachment":[{"href":"https:\/\/www.retourjeans.com\/de\/wp-json\/wp\/v2\/media?parent=3295343"}],"wp:term":[{"taxonomy":"product_cat","embeddable":true,"href":"https:\/\/www.retourjeans.com\/de\/wp-json\/wp\/v2\/product_cat?post=3295343"},{"taxonomy":"product_tag","embeddable":true,"href":"https:\/\/www.retourjeans.com\/de\/wp-json\/wp\/v2\/product_tag?post=3295343"}],"curies":[{"name":"wp","href":"https:\/\/api.w.org\/{rel}","templated":true}]}}