{"id":3297825,"date":"2024-08-16T17:02:36","date_gmt":"2024-08-16T15:02:36","guid":{"rendered":"https:\/\/www.retourjeans.com\/product\/anna-bright-fuchsia\/"},"modified":"2026-04-30T05:01:02","modified_gmt":"2026-04-30T03:01:02","slug":"anna-bright-fuchsia","status":"publish","type":"product","link":"https:\/\/www.retourjeans.com\/de\/product\/anna-bright-fuchsia\/","title":{"rendered":"Anna"},"content":{"rendered":"<p>Kurze Bomberjacke aus der Winterkollektion von Retour Jeans mit niedrigem Stehkragen, Druckknopfverschluss auf der Vorderseite und gerippten Abschl\u00fcssen an den \u00c4rmeln und unten. Ist gef\u00fcttert<\/p>","protected":false},"excerpt":{"rendered":"<p>Kurze Bomberjacke aus der Winterkollektion von Retour Jeans mit niedrigem Stehkragen, Druckknopfverschluss auf der Vorderseite und gerippten Abschl\u00fcssen an den \u00c4rmeln und unten. Ist gef\u00fcttert<\/p>","protected":false},"featured_media":3530559,"template":"","meta":{"_acf_changed":false},"product_cat":[445,740,743,521],"product_tag":[755,787],"class_list":{"0":"post-3297825","1":"product","2":"type-product","3":"status-publish","4":"has-post-thumbnail","6":"product_cat-meisjes","7":"product_cat-tussenjassen","8":"product_cat-tussenjassen-445","9":"product_cat-sale","10":"product_tag-fw24-main","11":"product_tag-outlet","13":"first","14":"instock","15":"sale","16":"taxable","17":"shipping-taxable","18":"purchasable","19":"product-type-variable","20":"has-default-attributes"},"acf":[],"yoast_head":"<!-- This site is optimized with the Yoast SEO plugin v23.6 - https:\/\/yoast.com\/wordpress\/plugins\/seo\/ -->\n<title>Anna - Retour Jeans<\/title>\n<meta name=\"robots\" content=\"index, follow, max-snippet:-1, max-image-preview:large, max-video-preview:-1\" \/>\n<link rel=\"canonical\" href=\"https:\/\/www.retourjeans.com\/de\/product\/anna-bright-fuchsia\/\" \/>\n<meta property=\"og:locale\" content=\"de_DE\" \/>\n<meta property=\"og:type\" content=\"article\" \/>\n<meta property=\"og:title\" content=\"Anna - Retour Jeans\" \/>\n<meta property=\"og:description\" content=\"Kort bomber vest uit de wintercollectie van Retour Jeans met een lage opstaande kraag, een drukknoopsluiting voor en een geribde boord aan de onderkant en onder aan de mouwen. Is gevoerd\" \/>\n<meta property=\"og:url\" content=\"https:\/\/www.retourjeans.com\/de\/product\/anna-bright-fuchsia\/\" \/>\n<meta property=\"og:site_name\" content=\"Retour Jeans\" \/>\n<meta property=\"article:modified_time\" content=\"2026-04-30T03:01:02+00:00\" \/>\n<meta property=\"og:image\" content=\"https:\/\/www.retourjeans.com\/wp-content\/uploads\/2025\/02\/e798-911e-4675-af61-faf7b49c734a-42.jpg\" \/>\n\t<meta property=\"og:image:width\" content=\"900\" \/>\n\t<meta property=\"og:image:height\" content=\"900\" \/>\n\t<meta property=\"og:image:type\" content=\"image\/jpeg\" \/>\n<meta name=\"twitter:card\" content=\"summary_large_image\" \/>\n<script type=\"application\/ld+json\" class=\"yoast-schema-graph\">{\"@context\":\"https:\/\/schema.org\",\"@graph\":[{\"@type\":\"WebPage\",\"@id\":\"https:\/\/www.retourjeans.com\/product\/anna-bright-fuchsia\/\",\"url\":\"https:\/\/www.retourjeans.com\/product\/anna-bright-fuchsia\/\",\"name\":\"Anna - Retour Jeans\",\"isPartOf\":{\"@id\":\"https:\/\/www.retourjeans.com\/#website\"},\"primaryImageOfPage\":{\"@id\":\"https:\/\/www.retourjeans.com\/product\/anna-bright-fuchsia\/#primaryimage\"},\"image\":{\"@id\":\"https:\/\/www.retourjeans.com\/product\/anna-bright-fuchsia\/#primaryimage\"},\"thumbnailUrl\":\"https:\/\/www.retourjeans.com\/wp-content\/uploads\/2025\/09\/e798-911e-4675-af61-faf7b49c734a-14.jpg\",\"datePublished\":\"2024-08-16T15:02:36+00:00\",\"dateModified\":\"2026-04-30T03:01:02+00:00\",\"breadcrumb\":{\"@id\":\"https:\/\/www.retourjeans.com\/product\/anna-bright-fuchsia\/#breadcrumb\"},\"inLanguage\":\"de-DE\",\"potentialAction\":[{\"@type\":\"ReadAction\",\"target\":[\"https:\/\/www.retourjeans.com\/product\/anna-bright-fuchsia\/\"]}]},{\"@type\":\"ImageObject\",\"inLanguage\":\"de-DE\",\"@id\":\"https:\/\/www.retourjeans.com\/product\/anna-bright-fuchsia\/#primaryimage\",\"url\":\"https:\/\/www.retourjeans.com\/wp-content\/uploads\/2025\/09\/e798-911e-4675-af61-faf7b49c734a-14.jpg\",\"contentUrl\":\"https:\/\/www.retourjeans.com\/wp-content\/uploads\/2025\/09\/e798-911e-4675-af61-faf7b49c734a-14.jpg\",\"width\":900,\"height\":900},{\"@type\":\"BreadcrumbList\",\"@id\":\"https:\/\/www.retourjeans.com\/product\/anna-bright-fuchsia\/#breadcrumb\",\"itemListElement\":[{\"@type\":\"ListItem\",\"position\":1,\"name\":\"Home\",\"item\":\"https:\/\/www.retourjeans.com\/\"},{\"@type\":\"ListItem\",\"position\":2,\"name\":\"Shop\",\"item\":\"https:\/\/www.retourjeans.com\/shop\/\"},{\"@type\":\"ListItem\",\"position\":3,\"name\":\"Anna\"}]},{\"@type\":\"WebSite\",\"@id\":\"https:\/\/www.retourjeans.com\/#website\",\"url\":\"https:\/\/www.retourjeans.com\/\",\"name\":\"Retour Jeans\",\"description\":\"\",\"potentialAction\":[{\"@type\":\"SearchAction\",\"target\":{\"@type\":\"EntryPoint\",\"urlTemplate\":\"https:\/\/www.retourjeans.com\/?s={search_term_string}\"},\"query-input\":{\"@type\":\"PropertyValueSpecification\",\"valueRequired\":true,\"valueName\":\"search_term_string\"}}],\"inLanguage\":\"de-DE\"}]}<\/script>\n<!-- \/ Yoast SEO plugin. -->","yoast_head_json":{"title":"Anna - Retour Jeans","robots":{"index":"index","follow":"follow","max-snippet":"max-snippet:-1","max-image-preview":"max-image-preview:large","max-video-preview":"max-video-preview:-1"},"canonical":"https:\/\/www.retourjeans.com\/de\/product\/anna-bright-fuchsia\/","og_locale":"de_DE","og_type":"article","og_title":"Anna - Retour Jeans","og_description":"Kort bomber vest uit de wintercollectie van Retour Jeans met een lage opstaande kraag, een drukknoopsluiting voor en een geribde boord aan de onderkant en onder aan de mouwen. Is gevoerd","og_url":"https:\/\/www.retourjeans.com\/de\/product\/anna-bright-fuchsia\/","og_site_name":"Retour Jeans","article_modified_time":"2026-04-30T03:01:02+00:00","og_image":[{"width":900,"height":900,"url":"https:\/\/www.retourjeans.com\/wp-content\/uploads\/2025\/02\/e798-911e-4675-af61-faf7b49c734a-42.jpg","type":"image\/jpeg"}],"twitter_card":"summary_large_image","schema":{"@context":"https:\/\/schema.org","@graph":[{"@type":"WebPage","@id":"https:\/\/www.retourjeans.com\/product\/anna-bright-fuchsia\/","url":"https:\/\/www.retourjeans.com\/product\/anna-bright-fuchsia\/","name":"Anna - Retour Jeans","isPartOf":{"@id":"https:\/\/www.retourjeans.com\/#website"},"primaryImageOfPage":{"@id":"https:\/\/www.retourjeans.com\/product\/anna-bright-fuchsia\/#primaryimage"},"image":{"@id":"https:\/\/www.retourjeans.com\/product\/anna-bright-fuchsia\/#primaryimage"},"thumbnailUrl":"https:\/\/www.retourjeans.com\/wp-content\/uploads\/2025\/09\/e798-911e-4675-af61-faf7b49c734a-14.jpg","datePublished":"2024-08-16T15:02:36+00:00","dateModified":"2026-04-30T03:01:02+00:00","breadcrumb":{"@id":"https:\/\/www.retourjeans.com\/product\/anna-bright-fuchsia\/#breadcrumb"},"inLanguage":"de-DE","potentialAction":[{"@type":"ReadAction","target":["https:\/\/www.retourjeans.com\/product\/anna-bright-fuchsia\/"]}]},{"@type":"ImageObject","inLanguage":"de-DE","@id":"https:\/\/www.retourjeans.com\/product\/anna-bright-fuchsia\/#primaryimage","url":"https:\/\/www.retourjeans.com\/wp-content\/uploads\/2025\/09\/e798-911e-4675-af61-faf7b49c734a-14.jpg","contentUrl":"https:\/\/www.retourjeans.com\/wp-content\/uploads\/2025\/09\/e798-911e-4675-af61-faf7b49c734a-14.jpg","width":900,"height":900},{"@type":"BreadcrumbList","@id":"https:\/\/www.retourjeans.com\/product\/anna-bright-fuchsia\/#breadcrumb","itemListElement":[{"@type":"ListItem","position":1,"name":"Home","item":"https:\/\/www.retourjeans.com\/"},{"@type":"ListItem","position":2,"name":"Shop","item":"https:\/\/www.retourjeans.com\/shop\/"},{"@type":"ListItem","position":3,"name":"Anna"}]},{"@type":"WebSite","@id":"https:\/\/www.retourjeans.com\/#website","url":"https:\/\/www.retourjeans.com\/","name":"Retour Jeans","description":"","potentialAction":[{"@type":"SearchAction","target":{"@type":"EntryPoint","urlTemplate":"https:\/\/www.retourjeans.com\/?s={search_term_string}"},"query-input":{"@type":"PropertyValueSpecification","valueRequired":true,"valueName":"search_term_string"}}],"inLanguage":"de-DE"}]}},"_links":{"self":[{"href":"https:\/\/www.retourjeans.com\/de\/wp-json\/wp\/v2\/product\/3297825"}],"collection":[{"href":"https:\/\/www.retourjeans.com\/de\/wp-json\/wp\/v2\/product"}],"about":[{"href":"https:\/\/www.retourjeans.com\/de\/wp-json\/wp\/v2\/types\/product"}],"wp:featuredmedia":[{"embeddable":true,"href":"https:\/\/www.retourjeans.com\/de\/wp-json\/wp\/v2\/media\/3530559"}],"wp:attachment":[{"href":"https:\/\/www.retourjeans.com\/de\/wp-json\/wp\/v2\/media?parent=3297825"}],"wp:term":[{"taxonomy":"product_cat","embeddable":true,"href":"https:\/\/www.retourjeans.com\/de\/wp-json\/wp\/v2\/product_cat?post=3297825"},{"taxonomy":"product_tag","embeddable":true,"href":"https:\/\/www.retourjeans.com\/de\/wp-json\/wp\/v2\/product_tag?post=3297825"}],"curies":[{"name":"wp","href":"https:\/\/api.w.org\/{rel}","templated":true}]}}