{"id":3302148,"date":"2024-08-27T10:02:55","date_gmt":"2024-08-27T08:02:55","guid":{"rendered":"https:\/\/www.retourjeans.com\/product\/halle-reef\/"},"modified":"2026-04-10T06:25:03","modified_gmt":"2026-04-10T04:25:03","slug":"halle-reef","status":"publish","type":"product","link":"https:\/\/www.retourjeans.com\/de\/product\/halle-reef\/","title":{"rendered":"Halle"},"content":{"rendered":"<p>Pullover aus der Winterkollektion von Retour Jeans mit abgesenkten Schultern\u00e4hten und einer \u00fcbergro\u00dfen Passform. Der Pullover hat einen gerippten Abschluss am Hals, am unteren Rand und am unteren Ende der \u00c4rmel.<\/p>","protected":false},"excerpt":{"rendered":"<p>Pullover aus der Winterkollektion von Retour Jeans mit abgesenkten Schultern\u00e4hten und einer \u00fcbergro\u00dfen Passform. Der Pullover hat einen gerippten Abschluss am Hals, am unteren Rand und am unteren Ende der \u00c4rmel.<\/p>","protected":false},"featured_media":3530552,"template":"","meta":{"_acf_changed":false},"product_cat":[445,515,541,521],"product_tag":[755,787],"class_list":{"0":"post-3302148","1":"product","2":"type-product","3":"status-publish","4":"has-post-thumbnail","6":"product_cat-meisjes","7":"product_cat-truien-amp-vesten-445","8":"product_cat-truien-amp-vesten","9":"product_cat-sale","10":"product_tag-fw24-main","11":"product_tag-outlet","13":"first","14":"outofstock","15":"sale","16":"taxable","17":"shipping-taxable","18":"purchasable","19":"product-type-variable","20":"has-default-attributes"},"acf":[],"yoast_head":"<!-- This site is optimized with the Yoast SEO plugin v23.6 - https:\/\/yoast.com\/wordpress\/plugins\/seo\/ -->\n<title>Halle - Retour Jeans<\/title>\n<meta name=\"robots\" content=\"index, follow, max-snippet:-1, max-image-preview:large, max-video-preview:-1\" \/>\n<link rel=\"canonical\" href=\"https:\/\/www.retourjeans.com\/de\/product\/halle-reef\/\" \/>\n<meta property=\"og:locale\" content=\"de_DE\" \/>\n<meta property=\"og:type\" content=\"article\" \/>\n<meta property=\"og:title\" content=\"Halle - Retour Jeans\" \/>\n<meta property=\"og:description\" content=\"Sweater uit de wintercollectie van Retour Jeans met verlaagde schoudernaden en een oversized fit. De sweater heeft een geribde boord rond de hals, aan de onderkant en onder aan de mouwen.\" \/>\n<meta property=\"og:url\" content=\"https:\/\/www.retourjeans.com\/de\/product\/halle-reef\/\" \/>\n<meta property=\"og:site_name\" content=\"Retour Jeans\" \/>\n<meta property=\"article:modified_time\" content=\"2026-04-10T04:25:03+00:00\" \/>\n<meta property=\"og:image\" content=\"https:\/\/www.retourjeans.com\/wp-content\/uploads\/2025\/02\/bac0-bc60-4acc-b811-0a857240153c-26.jpg\" \/>\n\t<meta property=\"og:image:width\" content=\"900\" \/>\n\t<meta property=\"og:image:height\" content=\"900\" \/>\n\t<meta property=\"og:image:type\" content=\"image\/jpeg\" \/>\n<meta name=\"twitter:card\" content=\"summary_large_image\" \/>\n<script type=\"application\/ld+json\" class=\"yoast-schema-graph\">{\"@context\":\"https:\/\/schema.org\",\"@graph\":[{\"@type\":\"WebPage\",\"@id\":\"https:\/\/www.retourjeans.com\/product\/halle-reef\/\",\"url\":\"https:\/\/www.retourjeans.com\/product\/halle-reef\/\",\"name\":\"Halle - Retour Jeans\",\"isPartOf\":{\"@id\":\"https:\/\/www.retourjeans.com\/#website\"},\"primaryImageOfPage\":{\"@id\":\"https:\/\/www.retourjeans.com\/product\/halle-reef\/#primaryimage\"},\"image\":{\"@id\":\"https:\/\/www.retourjeans.com\/product\/halle-reef\/#primaryimage\"},\"thumbnailUrl\":\"https:\/\/www.retourjeans.com\/wp-content\/uploads\/2025\/09\/bac0-bc60-4acc-b811-0a857240153c-14.jpg\",\"datePublished\":\"2024-08-27T08:02:55+00:00\",\"dateModified\":\"2026-04-10T04:25:03+00:00\",\"breadcrumb\":{\"@id\":\"https:\/\/www.retourjeans.com\/product\/halle-reef\/#breadcrumb\"},\"inLanguage\":\"de-DE\",\"potentialAction\":[{\"@type\":\"ReadAction\",\"target\":[\"https:\/\/www.retourjeans.com\/product\/halle-reef\/\"]}]},{\"@type\":\"ImageObject\",\"inLanguage\":\"de-DE\",\"@id\":\"https:\/\/www.retourjeans.com\/product\/halle-reef\/#primaryimage\",\"url\":\"https:\/\/www.retourjeans.com\/wp-content\/uploads\/2025\/09\/bac0-bc60-4acc-b811-0a857240153c-14.jpg\",\"contentUrl\":\"https:\/\/www.retourjeans.com\/wp-content\/uploads\/2025\/09\/bac0-bc60-4acc-b811-0a857240153c-14.jpg\",\"width\":900,\"height\":900},{\"@type\":\"BreadcrumbList\",\"@id\":\"https:\/\/www.retourjeans.com\/product\/halle-reef\/#breadcrumb\",\"itemListElement\":[{\"@type\":\"ListItem\",\"position\":1,\"name\":\"Home\",\"item\":\"https:\/\/www.retourjeans.com\/\"},{\"@type\":\"ListItem\",\"position\":2,\"name\":\"Shop\",\"item\":\"https:\/\/www.retourjeans.com\/shop\/\"},{\"@type\":\"ListItem\",\"position\":3,\"name\":\"Halle\"}]},{\"@type\":\"WebSite\",\"@id\":\"https:\/\/www.retourjeans.com\/#website\",\"url\":\"https:\/\/www.retourjeans.com\/\",\"name\":\"Retour Jeans\",\"description\":\"\",\"potentialAction\":[{\"@type\":\"SearchAction\",\"target\":{\"@type\":\"EntryPoint\",\"urlTemplate\":\"https:\/\/www.retourjeans.com\/?s={search_term_string}\"},\"query-input\":{\"@type\":\"PropertyValueSpecification\",\"valueRequired\":true,\"valueName\":\"search_term_string\"}}],\"inLanguage\":\"de-DE\"}]}<\/script>\n<!-- \/ Yoast SEO plugin. -->","yoast_head_json":{"title":"Halle - Retour Jeans","robots":{"index":"index","follow":"follow","max-snippet":"max-snippet:-1","max-image-preview":"max-image-preview:large","max-video-preview":"max-video-preview:-1"},"canonical":"https:\/\/www.retourjeans.com\/de\/product\/halle-reef\/","og_locale":"de_DE","og_type":"article","og_title":"Halle - Retour Jeans","og_description":"Sweater uit de wintercollectie van Retour Jeans met verlaagde schoudernaden en een oversized fit. De sweater heeft een geribde boord rond de hals, aan de onderkant en onder aan de mouwen.","og_url":"https:\/\/www.retourjeans.com\/de\/product\/halle-reef\/","og_site_name":"Retour Jeans","article_modified_time":"2026-04-10T04:25:03+00:00","og_image":[{"width":900,"height":900,"url":"https:\/\/www.retourjeans.com\/wp-content\/uploads\/2025\/02\/bac0-bc60-4acc-b811-0a857240153c-26.jpg","type":"image\/jpeg"}],"twitter_card":"summary_large_image","schema":{"@context":"https:\/\/schema.org","@graph":[{"@type":"WebPage","@id":"https:\/\/www.retourjeans.com\/product\/halle-reef\/","url":"https:\/\/www.retourjeans.com\/product\/halle-reef\/","name":"Halle - Retour Jeans","isPartOf":{"@id":"https:\/\/www.retourjeans.com\/#website"},"primaryImageOfPage":{"@id":"https:\/\/www.retourjeans.com\/product\/halle-reef\/#primaryimage"},"image":{"@id":"https:\/\/www.retourjeans.com\/product\/halle-reef\/#primaryimage"},"thumbnailUrl":"https:\/\/www.retourjeans.com\/wp-content\/uploads\/2025\/09\/bac0-bc60-4acc-b811-0a857240153c-14.jpg","datePublished":"2024-08-27T08:02:55+00:00","dateModified":"2026-04-10T04:25:03+00:00","breadcrumb":{"@id":"https:\/\/www.retourjeans.com\/product\/halle-reef\/#breadcrumb"},"inLanguage":"de-DE","potentialAction":[{"@type":"ReadAction","target":["https:\/\/www.retourjeans.com\/product\/halle-reef\/"]}]},{"@type":"ImageObject","inLanguage":"de-DE","@id":"https:\/\/www.retourjeans.com\/product\/halle-reef\/#primaryimage","url":"https:\/\/www.retourjeans.com\/wp-content\/uploads\/2025\/09\/bac0-bc60-4acc-b811-0a857240153c-14.jpg","contentUrl":"https:\/\/www.retourjeans.com\/wp-content\/uploads\/2025\/09\/bac0-bc60-4acc-b811-0a857240153c-14.jpg","width":900,"height":900},{"@type":"BreadcrumbList","@id":"https:\/\/www.retourjeans.com\/product\/halle-reef\/#breadcrumb","itemListElement":[{"@type":"ListItem","position":1,"name":"Home","item":"https:\/\/www.retourjeans.com\/"},{"@type":"ListItem","position":2,"name":"Shop","item":"https:\/\/www.retourjeans.com\/shop\/"},{"@type":"ListItem","position":3,"name":"Halle"}]},{"@type":"WebSite","@id":"https:\/\/www.retourjeans.com\/#website","url":"https:\/\/www.retourjeans.com\/","name":"Retour Jeans","description":"","potentialAction":[{"@type":"SearchAction","target":{"@type":"EntryPoint","urlTemplate":"https:\/\/www.retourjeans.com\/?s={search_term_string}"},"query-input":{"@type":"PropertyValueSpecification","valueRequired":true,"valueName":"search_term_string"}}],"inLanguage":"de-DE"}]}},"_links":{"self":[{"href":"https:\/\/www.retourjeans.com\/de\/wp-json\/wp\/v2\/product\/3302148"}],"collection":[{"href":"https:\/\/www.retourjeans.com\/de\/wp-json\/wp\/v2\/product"}],"about":[{"href":"https:\/\/www.retourjeans.com\/de\/wp-json\/wp\/v2\/types\/product"}],"wp:featuredmedia":[{"embeddable":true,"href":"https:\/\/www.retourjeans.com\/de\/wp-json\/wp\/v2\/media\/3530552"}],"wp:attachment":[{"href":"https:\/\/www.retourjeans.com\/de\/wp-json\/wp\/v2\/media?parent=3302148"}],"wp:term":[{"taxonomy":"product_cat","embeddable":true,"href":"https:\/\/www.retourjeans.com\/de\/wp-json\/wp\/v2\/product_cat?post=3302148"},{"taxonomy":"product_tag","embeddable":true,"href":"https:\/\/www.retourjeans.com\/de\/wp-json\/wp\/v2\/product_tag?post=3302148"}],"curies":[{"name":"wp","href":"https:\/\/api.w.org\/{rel}","templated":true}]}}