{"id":3302770,"date":"2024-08-27T11:00:50","date_gmt":"2024-08-27T09:00:50","guid":{"rendered":"https:\/\/www.retourjeans.com\/product\/milan-sahara\/"},"modified":"2026-04-10T05:19:02","modified_gmt":"2026-04-10T03:19:02","slug":"milan-sahara","status":"publish","type":"product","link":"https:\/\/www.retourjeans.com\/de\/product\/milan-sahara\/","title":{"rendered":"Milan"},"content":{"rendered":"<p>Cargo-Hose aus der Winterkollektion von Retour Jeans. Die Hose hat einen verstellbaren Gummizug in der Taille und einen Hosenschlitz mit Knopf und Rei\u00dfverschluss. Das Modell hat Seitentaschen, Ges\u00e4\u00dftaschen und eine Rei\u00dfverschlusstasche an den Beinen.<\/p>","protected":false},"excerpt":{"rendered":"<p>Cargo-Hose aus der Winterkollektion von Retour Jeans. Die Hose hat einen verstellbaren Gummizug in der Taille und einen Hosenschlitz mit Knopf und Rei\u00dfverschluss. Das Modell hat Seitentaschen, Ges\u00e4\u00dftaschen und eine Rei\u00dfverschlusstasche an den Beinen.<\/p>","protected":false},"featured_media":3529272,"template":"","meta":{"_acf_changed":false},"product_cat":[489,565,450,521],"product_tag":[755],"class_list":{"0":"post-3302770","1":"product","2":"type-product","3":"status-publish","4":"has-post-thumbnail","6":"product_cat-broeken-amp-joggingbroeken-450","7":"product_cat-broeken-amp-joggingbroeken","8":"product_cat-jongens","9":"product_cat-sale","10":"product_tag-fw24-main","12":"first","13":"outofstock","14":"sale","15":"taxable","16":"shipping-taxable","17":"purchasable","18":"product-type-variable","19":"has-default-attributes"},"acf":[],"yoast_head":"<!-- This site is optimized with the Yoast SEO plugin v23.6 - https:\/\/yoast.com\/wordpress\/plugins\/seo\/ -->\n<title>Milan - Retour Jeans<\/title>\n<meta name=\"robots\" content=\"index, follow, max-snippet:-1, max-image-preview:large, max-video-preview:-1\" \/>\n<link rel=\"canonical\" href=\"https:\/\/www.retourjeans.com\/de\/product\/milan-sahara\/\" \/>\n<meta property=\"og:locale\" content=\"de_DE\" \/>\n<meta property=\"og:type\" content=\"article\" \/>\n<meta property=\"og:title\" content=\"Milan - Retour Jeans\" \/>\n<meta property=\"og:description\" content=\"Cargo broek uit de wintercollectie van Retour Jeans. De broek is voorzien van een verstelbaar elastiek in de taille en een gulp met knoop- en ritssluiting. Het model heeft steekzakken, achterzakken en een zak op de pijpen met ritssluiting.\" \/>\n<meta property=\"og:url\" content=\"https:\/\/www.retourjeans.com\/de\/product\/milan-sahara\/\" \/>\n<meta property=\"og:site_name\" content=\"Retour Jeans\" \/>\n<meta property=\"article:modified_time\" content=\"2026-04-10T03:19:02+00:00\" \/>\n<meta property=\"og:image\" content=\"https:\/\/www.retourjeans.com\/wp-content\/uploads\/2024\/08\/d251-fc65-4c71-8df9-2b5cfb6aa219-80.jpg\" \/>\n\t<meta property=\"og:image:width\" content=\"900\" \/>\n\t<meta property=\"og:image:height\" content=\"900\" \/>\n\t<meta property=\"og:image:type\" content=\"image\/jpeg\" \/>\n<meta name=\"twitter:card\" content=\"summary_large_image\" \/>\n<script type=\"application\/ld+json\" class=\"yoast-schema-graph\">{\"@context\":\"https:\/\/schema.org\",\"@graph\":[{\"@type\":\"WebPage\",\"@id\":\"https:\/\/www.retourjeans.com\/de\/product\/milan-sahara\/\",\"url\":\"https:\/\/www.retourjeans.com\/de\/product\/milan-sahara\/\",\"name\":\"Milan - Retour Jeans\",\"isPartOf\":{\"@id\":\"https:\/\/www.retourjeans.com\/#website\"},\"primaryImageOfPage\":{\"@id\":\"https:\/\/www.retourjeans.com\/de\/product\/milan-sahara\/#primaryimage\"},\"image\":{\"@id\":\"https:\/\/www.retourjeans.com\/de\/product\/milan-sahara\/#primaryimage\"},\"thumbnailUrl\":\"https:\/\/www.retourjeans.com\/wp-content\/uploads\/2025\/09\/d251-fc65-4c71-8df9-2b5cfb6aa219-16.jpg\",\"datePublished\":\"2024-08-27T09:00:50+00:00\",\"dateModified\":\"2026-04-10T03:19:02+00:00\",\"breadcrumb\":{\"@id\":\"https:\/\/www.retourjeans.com\/de\/product\/milan-sahara\/#breadcrumb\"},\"inLanguage\":\"de-DE\",\"potentialAction\":[{\"@type\":\"ReadAction\",\"target\":[\"https:\/\/www.retourjeans.com\/de\/product\/milan-sahara\/\"]}]},{\"@type\":\"ImageObject\",\"inLanguage\":\"de-DE\",\"@id\":\"https:\/\/www.retourjeans.com\/de\/product\/milan-sahara\/#primaryimage\",\"url\":\"https:\/\/www.retourjeans.com\/wp-content\/uploads\/2025\/09\/d251-fc65-4c71-8df9-2b5cfb6aa219-16.jpg\",\"contentUrl\":\"https:\/\/www.retourjeans.com\/wp-content\/uploads\/2025\/09\/d251-fc65-4c71-8df9-2b5cfb6aa219-16.jpg\",\"width\":900,\"height\":900},{\"@type\":\"BreadcrumbList\",\"@id\":\"https:\/\/www.retourjeans.com\/de\/product\/milan-sahara\/#breadcrumb\",\"itemListElement\":[{\"@type\":\"ListItem\",\"position\":1,\"name\":\"Home\",\"item\":\"https:\/\/www.retourjeans.com\/\"},{\"@type\":\"ListItem\",\"position\":2,\"name\":\"Shop\",\"item\":\"https:\/\/www.retourjeans.com\/shop\/\"},{\"@type\":\"ListItem\",\"position\":3,\"name\":\"Milan\"}]},{\"@type\":\"WebSite\",\"@id\":\"https:\/\/www.retourjeans.com\/#website\",\"url\":\"https:\/\/www.retourjeans.com\/\",\"name\":\"Retour Jeans\",\"description\":\"\",\"potentialAction\":[{\"@type\":\"SearchAction\",\"target\":{\"@type\":\"EntryPoint\",\"urlTemplate\":\"https:\/\/www.retourjeans.com\/?s={search_term_string}\"},\"query-input\":{\"@type\":\"PropertyValueSpecification\",\"valueRequired\":true,\"valueName\":\"search_term_string\"}}],\"inLanguage\":\"de-DE\"}]}<\/script>\n<!-- \/ Yoast SEO plugin. -->","yoast_head_json":{"title":"Milan - Retour Jeans","robots":{"index":"index","follow":"follow","max-snippet":"max-snippet:-1","max-image-preview":"max-image-preview:large","max-video-preview":"max-video-preview:-1"},"canonical":"https:\/\/www.retourjeans.com\/de\/product\/milan-sahara\/","og_locale":"de_DE","og_type":"article","og_title":"Milan - Retour Jeans","og_description":"Cargo broek uit de wintercollectie van Retour Jeans. De broek is voorzien van een verstelbaar elastiek in de taille en een gulp met knoop- en ritssluiting. Het model heeft steekzakken, achterzakken en een zak op de pijpen met ritssluiting.","og_url":"https:\/\/www.retourjeans.com\/de\/product\/milan-sahara\/","og_site_name":"Retour Jeans","article_modified_time":"2026-04-10T03:19:02+00:00","og_image":[{"width":900,"height":900,"url":"https:\/\/www.retourjeans.com\/wp-content\/uploads\/2024\/08\/d251-fc65-4c71-8df9-2b5cfb6aa219-80.jpg","type":"image\/jpeg"}],"twitter_card":"summary_large_image","schema":{"@context":"https:\/\/schema.org","@graph":[{"@type":"WebPage","@id":"https:\/\/www.retourjeans.com\/de\/product\/milan-sahara\/","url":"https:\/\/www.retourjeans.com\/de\/product\/milan-sahara\/","name":"Milan - Retour Jeans","isPartOf":{"@id":"https:\/\/www.retourjeans.com\/#website"},"primaryImageOfPage":{"@id":"https:\/\/www.retourjeans.com\/de\/product\/milan-sahara\/#primaryimage"},"image":{"@id":"https:\/\/www.retourjeans.com\/de\/product\/milan-sahara\/#primaryimage"},"thumbnailUrl":"https:\/\/www.retourjeans.com\/wp-content\/uploads\/2025\/09\/d251-fc65-4c71-8df9-2b5cfb6aa219-16.jpg","datePublished":"2024-08-27T09:00:50+00:00","dateModified":"2026-04-10T03:19:02+00:00","breadcrumb":{"@id":"https:\/\/www.retourjeans.com\/de\/product\/milan-sahara\/#breadcrumb"},"inLanguage":"de-DE","potentialAction":[{"@type":"ReadAction","target":["https:\/\/www.retourjeans.com\/de\/product\/milan-sahara\/"]}]},{"@type":"ImageObject","inLanguage":"de-DE","@id":"https:\/\/www.retourjeans.com\/de\/product\/milan-sahara\/#primaryimage","url":"https:\/\/www.retourjeans.com\/wp-content\/uploads\/2025\/09\/d251-fc65-4c71-8df9-2b5cfb6aa219-16.jpg","contentUrl":"https:\/\/www.retourjeans.com\/wp-content\/uploads\/2025\/09\/d251-fc65-4c71-8df9-2b5cfb6aa219-16.jpg","width":900,"height":900},{"@type":"BreadcrumbList","@id":"https:\/\/www.retourjeans.com\/de\/product\/milan-sahara\/#breadcrumb","itemListElement":[{"@type":"ListItem","position":1,"name":"Home","item":"https:\/\/www.retourjeans.com\/"},{"@type":"ListItem","position":2,"name":"Shop","item":"https:\/\/www.retourjeans.com\/shop\/"},{"@type":"ListItem","position":3,"name":"Milan"}]},{"@type":"WebSite","@id":"https:\/\/www.retourjeans.com\/#website","url":"https:\/\/www.retourjeans.com\/","name":"Retour Jeans","description":"","potentialAction":[{"@type":"SearchAction","target":{"@type":"EntryPoint","urlTemplate":"https:\/\/www.retourjeans.com\/?s={search_term_string}"},"query-input":{"@type":"PropertyValueSpecification","valueRequired":true,"valueName":"search_term_string"}}],"inLanguage":"de-DE"}]}},"_links":{"self":[{"href":"https:\/\/www.retourjeans.com\/de\/wp-json\/wp\/v2\/product\/3302770"}],"collection":[{"href":"https:\/\/www.retourjeans.com\/de\/wp-json\/wp\/v2\/product"}],"about":[{"href":"https:\/\/www.retourjeans.com\/de\/wp-json\/wp\/v2\/types\/product"}],"wp:featuredmedia":[{"embeddable":true,"href":"https:\/\/www.retourjeans.com\/de\/wp-json\/wp\/v2\/media\/3529272"}],"wp:attachment":[{"href":"https:\/\/www.retourjeans.com\/de\/wp-json\/wp\/v2\/media?parent=3302770"}],"wp:term":[{"taxonomy":"product_cat","embeddable":true,"href":"https:\/\/www.retourjeans.com\/de\/wp-json\/wp\/v2\/product_cat?post=3302770"},{"taxonomy":"product_tag","embeddable":true,"href":"https:\/\/www.retourjeans.com\/de\/wp-json\/wp\/v2\/product_tag?post=3302770"}],"curies":[{"name":"wp","href":"https:\/\/api.w.org\/{rel}","templated":true}]}}