{"id":3303300,"date":"2024-08-27T11:56:43","date_gmt":"2024-08-27T09:56:43","guid":{"rendered":"https:\/\/www.retourjeans.com\/product\/deb-coconut\/"},"modified":"2026-04-10T06:19:04","modified_gmt":"2026-04-10T04:19:04","slug":"deb-coconut","status":"publish","type":"product","link":"https:\/\/www.retourjeans.com\/de\/product\/deb-coconut\/","title":{"rendered":"Deb"},"content":{"rendered":"<p>Gerader Cargo-Overall aus der Winterkollektion von Retour Jeans mit langen \u00c4rmeln. Der Overall hat einen Tailleng\u00fcrtel mit G\u00fcrtelschlaufen, einen Druckknopfverschluss vorne, einen Hosenschlitz mit Rei\u00dfverschluss und lange gerade Beine mit Taschen.<\/p>","protected":false},"excerpt":{"rendered":"<p>Gerader Cargo-Overall aus der Winterkollektion von Retour Jeans mit langen \u00c4rmeln. Der Overall hat einen Tailleng\u00fcrtel mit G\u00fcrtelschlaufen, einen Druckknopfverschluss vorne, einen Hosenschlitz mit Rei\u00dfverschluss und lange gerade Beine mit Taschen.<\/p>","protected":false},"featured_media":3530611,"template":"","meta":{"_acf_changed":false},"product_cat":[529,574,445,521],"product_tag":[755],"class_list":{"0":"post-3303300","1":"product","2":"type-product","3":"status-publish","4":"has-post-thumbnail","6":"product_cat-jumpsuits-445","7":"product_cat-jumpsuits","8":"product_cat-meisjes","9":"product_cat-sale","10":"product_tag-fw24-main","12":"first","13":"outofstock","14":"sale","15":"taxable","16":"shipping-taxable","17":"purchasable","18":"product-type-variable","19":"has-default-attributes"},"acf":[],"yoast_head":"<!-- This site is optimized with the Yoast SEO plugin v23.6 - https:\/\/yoast.com\/wordpress\/plugins\/seo\/ -->\n<title>Deb - Retour Jeans<\/title>\n<meta name=\"robots\" content=\"index, follow, max-snippet:-1, max-image-preview:large, max-video-preview:-1\" \/>\n<link rel=\"canonical\" href=\"https:\/\/www.retourjeans.com\/de\/product\/deb-coconut\/\" \/>\n<meta property=\"og:locale\" content=\"de_DE\" \/>\n<meta property=\"og:type\" content=\"article\" \/>\n<meta property=\"og:title\" content=\"Deb - Retour Jeans\" \/>\n<meta property=\"og:description\" content=\"Een rechte cargo jumpsuit uit de wintercollectie van Retour Jeans met lange mouwen. De jumpsuit heeft een ceintuur in de taille met riemlusjes, drukknoopsluiting voor, een gulp met ritssluiting en lange rechte pijpen met zakken.\" \/>\n<meta property=\"og:url\" content=\"https:\/\/www.retourjeans.com\/de\/product\/deb-coconut\/\" \/>\n<meta property=\"og:site_name\" content=\"Retour Jeans\" \/>\n<meta property=\"article:modified_time\" content=\"2026-04-10T04:19:04+00:00\" \/>\n<meta property=\"og:image\" content=\"https:\/\/www.retourjeans.com\/wp-content\/uploads\/2024\/08\/7d4d-cebc-4177-a4b0-bfc4607673fc-53.jpg\" \/>\n\t<meta property=\"og:image:width\" content=\"900\" \/>\n\t<meta property=\"og:image:height\" content=\"900\" \/>\n\t<meta property=\"og:image:type\" content=\"image\/jpeg\" \/>\n<meta name=\"twitter:card\" content=\"summary_large_image\" \/>\n<script type=\"application\/ld+json\" class=\"yoast-schema-graph\">{\"@context\":\"https:\/\/schema.org\",\"@graph\":[{\"@type\":\"WebPage\",\"@id\":\"https:\/\/www.retourjeans.com\/de\/product\/deb-coconut\/\",\"url\":\"https:\/\/www.retourjeans.com\/de\/product\/deb-coconut\/\",\"name\":\"Deb - Retour Jeans\",\"isPartOf\":{\"@id\":\"https:\/\/www.retourjeans.com\/#website\"},\"primaryImageOfPage\":{\"@id\":\"https:\/\/www.retourjeans.com\/de\/product\/deb-coconut\/#primaryimage\"},\"image\":{\"@id\":\"https:\/\/www.retourjeans.com\/de\/product\/deb-coconut\/#primaryimage\"},\"thumbnailUrl\":\"https:\/\/www.retourjeans.com\/wp-content\/uploads\/2025\/09\/7d4d-cebc-4177-a4b0-bfc4607673fc-10.jpg\",\"datePublished\":\"2024-08-27T09:56:43+00:00\",\"dateModified\":\"2026-04-10T04:19:04+00:00\",\"breadcrumb\":{\"@id\":\"https:\/\/www.retourjeans.com\/de\/product\/deb-coconut\/#breadcrumb\"},\"inLanguage\":\"de-DE\",\"potentialAction\":[{\"@type\":\"ReadAction\",\"target\":[\"https:\/\/www.retourjeans.com\/de\/product\/deb-coconut\/\"]}]},{\"@type\":\"ImageObject\",\"inLanguage\":\"de-DE\",\"@id\":\"https:\/\/www.retourjeans.com\/de\/product\/deb-coconut\/#primaryimage\",\"url\":\"https:\/\/www.retourjeans.com\/wp-content\/uploads\/2025\/09\/7d4d-cebc-4177-a4b0-bfc4607673fc-10.jpg\",\"contentUrl\":\"https:\/\/www.retourjeans.com\/wp-content\/uploads\/2025\/09\/7d4d-cebc-4177-a4b0-bfc4607673fc-10.jpg\",\"width\":900,\"height\":900},{\"@type\":\"BreadcrumbList\",\"@id\":\"https:\/\/www.retourjeans.com\/de\/product\/deb-coconut\/#breadcrumb\",\"itemListElement\":[{\"@type\":\"ListItem\",\"position\":1,\"name\":\"Home\",\"item\":\"https:\/\/www.retourjeans.com\/\"},{\"@type\":\"ListItem\",\"position\":2,\"name\":\"Shop\",\"item\":\"https:\/\/www.retourjeans.com\/shop\/\"},{\"@type\":\"ListItem\",\"position\":3,\"name\":\"Deb\"}]},{\"@type\":\"WebSite\",\"@id\":\"https:\/\/www.retourjeans.com\/#website\",\"url\":\"https:\/\/www.retourjeans.com\/\",\"name\":\"Retour Jeans\",\"description\":\"\",\"potentialAction\":[{\"@type\":\"SearchAction\",\"target\":{\"@type\":\"EntryPoint\",\"urlTemplate\":\"https:\/\/www.retourjeans.com\/?s={search_term_string}\"},\"query-input\":{\"@type\":\"PropertyValueSpecification\",\"valueRequired\":true,\"valueName\":\"search_term_string\"}}],\"inLanguage\":\"de-DE\"}]}<\/script>\n<!-- \/ Yoast SEO plugin. -->","yoast_head_json":{"title":"Deb - Retour Jeans","robots":{"index":"index","follow":"follow","max-snippet":"max-snippet:-1","max-image-preview":"max-image-preview:large","max-video-preview":"max-video-preview:-1"},"canonical":"https:\/\/www.retourjeans.com\/de\/product\/deb-coconut\/","og_locale":"de_DE","og_type":"article","og_title":"Deb - Retour Jeans","og_description":"Een rechte cargo jumpsuit uit de wintercollectie van Retour Jeans met lange mouwen. De jumpsuit heeft een ceintuur in de taille met riemlusjes, drukknoopsluiting voor, een gulp met ritssluiting en lange rechte pijpen met zakken.","og_url":"https:\/\/www.retourjeans.com\/de\/product\/deb-coconut\/","og_site_name":"Retour Jeans","article_modified_time":"2026-04-10T04:19:04+00:00","og_image":[{"width":900,"height":900,"url":"https:\/\/www.retourjeans.com\/wp-content\/uploads\/2024\/08\/7d4d-cebc-4177-a4b0-bfc4607673fc-53.jpg","type":"image\/jpeg"}],"twitter_card":"summary_large_image","schema":{"@context":"https:\/\/schema.org","@graph":[{"@type":"WebPage","@id":"https:\/\/www.retourjeans.com\/de\/product\/deb-coconut\/","url":"https:\/\/www.retourjeans.com\/de\/product\/deb-coconut\/","name":"Deb - Retour Jeans","isPartOf":{"@id":"https:\/\/www.retourjeans.com\/#website"},"primaryImageOfPage":{"@id":"https:\/\/www.retourjeans.com\/de\/product\/deb-coconut\/#primaryimage"},"image":{"@id":"https:\/\/www.retourjeans.com\/de\/product\/deb-coconut\/#primaryimage"},"thumbnailUrl":"https:\/\/www.retourjeans.com\/wp-content\/uploads\/2025\/09\/7d4d-cebc-4177-a4b0-bfc4607673fc-10.jpg","datePublished":"2024-08-27T09:56:43+00:00","dateModified":"2026-04-10T04:19:04+00:00","breadcrumb":{"@id":"https:\/\/www.retourjeans.com\/de\/product\/deb-coconut\/#breadcrumb"},"inLanguage":"de-DE","potentialAction":[{"@type":"ReadAction","target":["https:\/\/www.retourjeans.com\/de\/product\/deb-coconut\/"]}]},{"@type":"ImageObject","inLanguage":"de-DE","@id":"https:\/\/www.retourjeans.com\/de\/product\/deb-coconut\/#primaryimage","url":"https:\/\/www.retourjeans.com\/wp-content\/uploads\/2025\/09\/7d4d-cebc-4177-a4b0-bfc4607673fc-10.jpg","contentUrl":"https:\/\/www.retourjeans.com\/wp-content\/uploads\/2025\/09\/7d4d-cebc-4177-a4b0-bfc4607673fc-10.jpg","width":900,"height":900},{"@type":"BreadcrumbList","@id":"https:\/\/www.retourjeans.com\/de\/product\/deb-coconut\/#breadcrumb","itemListElement":[{"@type":"ListItem","position":1,"name":"Home","item":"https:\/\/www.retourjeans.com\/"},{"@type":"ListItem","position":2,"name":"Shop","item":"https:\/\/www.retourjeans.com\/shop\/"},{"@type":"ListItem","position":3,"name":"Deb"}]},{"@type":"WebSite","@id":"https:\/\/www.retourjeans.com\/#website","url":"https:\/\/www.retourjeans.com\/","name":"Retour Jeans","description":"","potentialAction":[{"@type":"SearchAction","target":{"@type":"EntryPoint","urlTemplate":"https:\/\/www.retourjeans.com\/?s={search_term_string}"},"query-input":{"@type":"PropertyValueSpecification","valueRequired":true,"valueName":"search_term_string"}}],"inLanguage":"de-DE"}]}},"_links":{"self":[{"href":"https:\/\/www.retourjeans.com\/de\/wp-json\/wp\/v2\/product\/3303300"}],"collection":[{"href":"https:\/\/www.retourjeans.com\/de\/wp-json\/wp\/v2\/product"}],"about":[{"href":"https:\/\/www.retourjeans.com\/de\/wp-json\/wp\/v2\/types\/product"}],"wp:featuredmedia":[{"embeddable":true,"href":"https:\/\/www.retourjeans.com\/de\/wp-json\/wp\/v2\/media\/3530611"}],"wp:attachment":[{"href":"https:\/\/www.retourjeans.com\/de\/wp-json\/wp\/v2\/media?parent=3303300"}],"wp:term":[{"taxonomy":"product_cat","embeddable":true,"href":"https:\/\/www.retourjeans.com\/de\/wp-json\/wp\/v2\/product_cat?post=3303300"},{"taxonomy":"product_tag","embeddable":true,"href":"https:\/\/www.retourjeans.com\/de\/wp-json\/wp\/v2\/product_tag?post=3303300"}],"curies":[{"name":"wp","href":"https:\/\/api.w.org\/{rel}","templated":true}]}}