{"id":3308764,"date":"2024-09-03T15:19:07","date_gmt":"2024-09-03T13:19:07","guid":{"rendered":"https:\/\/www.retourjeans.com\/product\/alex-stone-blue\/"},"modified":"2026-04-10T05:19:04","modified_gmt":"2026-04-10T03:19:04","slug":"alex-stone-blue","status":"publish","type":"product","link":"https:\/\/www.retourjeans.com\/de\/product\/alex-stone-blue\/","title":{"rendered":"Alex"},"content":{"rendered":"<p><img loading=\"lazy\" decoding=\"async\" class=\"alignnone wp-image-3328865 size-full\" src=\"https:\/\/www.retourjeans.com\/wp-content\/uploads\/2024\/09\/test-3.jpg\" alt=\"\" width=\"1937\" height=\"1819\" srcset=\"https:\/\/www.retourjeans.com\/wp-content\/uploads\/2024\/09\/test-3.jpg 1937w, https:\/\/www.retourjeans.com\/wp-content\/uploads\/2024\/09\/test-3-300x282.jpg 300w, https:\/\/www.retourjeans.com\/wp-content\/uploads\/2024\/09\/test-3-1024x962.jpg 1024w, https:\/\/www.retourjeans.com\/wp-content\/uploads\/2024\/09\/test-3-768x721.jpg 768w, https:\/\/www.retourjeans.com\/wp-content\/uploads\/2024\/09\/test-3-13x12.jpg 13w, https:\/\/www.retourjeans.com\/wp-content\/uploads\/2024\/09\/test-3-1150x1080.jpg 1150w, https:\/\/www.retourjeans.com\/wp-content\/uploads\/2024\/09\/test-3-1000x939.jpg 1000w\" sizes=\"(max-width: 1937px) 100vw, 1937px\" \/><\/p>\n<p>Steppjacke aus der Winterkollektion mit Rei\u00dfverschluss auf der Vorderseite, Taschen mit Klettverschluss und Einschubtasche auf der Vorderseite sowie einer Innentasche mit Druckknopfverschluss und einer abnehmbaren Kapuze mit Druckkn\u00f6pfen. Die Jacke hat einen gerippten Saum am unteren Ende der \u00c4rmel mit Daumenl\u00f6chern und ist gef\u00fcttert. Die Jacke ist wasserabweisend und winddicht.<\/p>","protected":false},"excerpt":{"rendered":"<p>Steppjacke aus der Winterkollektion mit Rei\u00dfverschluss auf der Vorderseite, Taschen mit Klettverschluss und Einschubtasche auf der Vorderseite sowie einer Innentasche mit Druckknopfverschluss und einer abnehmbaren Kapuze mit Druckkn\u00f6pfen. Die Jacke hat einen gerippten Saum am unteren Ende der \u00c4rmel mit Daumenl\u00f6chern und ist gef\u00fcttert. Die Jacke ist wasserabweisend und winddicht.<\/p>","protected":false},"featured_media":3529416,"template":"","meta":{"_acf_changed":false},"product_cat":[769,770,450,521],"product_tag":[755,787],"class_list":{"0":"post-3308764","1":"product","2":"type-product","3":"status-publish","4":"has-post-thumbnail","6":"product_cat-jassen-amp-outdoor-450","7":"product_cat-jassen-amp-outdoor","8":"product_cat-jongens","9":"product_cat-sale","10":"product_tag-fw24-main","11":"product_tag-outlet","13":"first","14":"instock","15":"sale","16":"taxable","17":"shipping-taxable","18":"purchasable","19":"product-type-variable","20":"has-default-attributes"},"acf":[],"yoast_head":"<!-- This site is optimized with the Yoast SEO plugin v23.6 - https:\/\/yoast.com\/wordpress\/plugins\/seo\/ -->\n<title>Alex - Retour Jeans<\/title>\n<meta name=\"robots\" content=\"index, follow, max-snippet:-1, max-image-preview:large, max-video-preview:-1\" \/>\n<link rel=\"canonical\" href=\"https:\/\/www.retourjeans.com\/de\/product\/alex-stone-blue\/\" \/>\n<meta property=\"og:locale\" content=\"de_DE\" \/>\n<meta property=\"og:type\" content=\"article\" \/>\n<meta property=\"og:title\" content=\"Alex - Retour Jeans\" \/>\n<meta property=\"og:description\" content=\"Gewatteerde jas uit de wintercollectie met een ritssluiting voor, zakken met klittenbandsluiting en steekzak aan de voorzijde en een binnenzak met drukknoopsluiting en een afneembare capuchon met drukknopen. De jas heeft een geribde boord aan de onderkant van de mouwen met duimsgaten en is gevoerd. Het jack is waterafstotend en windproof.\" \/>\n<meta property=\"og:url\" content=\"https:\/\/www.retourjeans.com\/de\/product\/alex-stone-blue\/\" \/>\n<meta property=\"og:site_name\" content=\"Retour Jeans\" \/>\n<meta property=\"article:modified_time\" content=\"2026-04-10T03:19:04+00:00\" \/>\n<meta property=\"og:image\" content=\"https:\/\/www.retourjeans.com\/wp-content\/uploads\/2025\/06\/789c-3251-4d4e-b0d2-2487b44045f3-14.jpg\" \/>\n\t<meta property=\"og:image:width\" content=\"900\" \/>\n\t<meta property=\"og:image:height\" content=\"900\" \/>\n\t<meta property=\"og:image:type\" content=\"image\/jpeg\" \/>\n<meta name=\"twitter:card\" content=\"summary_large_image\" \/>\n<meta name=\"twitter:label1\" content=\"Est. reading time\" \/>\n\t<meta name=\"twitter:data1\" content=\"1 Minute\" \/>\n<script type=\"application\/ld+json\" class=\"yoast-schema-graph\">{\"@context\":\"https:\/\/schema.org\",\"@graph\":[{\"@type\":\"WebPage\",\"@id\":\"https:\/\/www.retourjeans.com\/product\/alex-stone-blue\/\",\"url\":\"https:\/\/www.retourjeans.com\/product\/alex-stone-blue\/\",\"name\":\"Alex - Retour Jeans\",\"isPartOf\":{\"@id\":\"https:\/\/www.retourjeans.com\/#website\"},\"primaryImageOfPage\":{\"@id\":\"https:\/\/www.retourjeans.com\/product\/alex-stone-blue\/#primaryimage\"},\"image\":{\"@id\":\"https:\/\/www.retourjeans.com\/product\/alex-stone-blue\/#primaryimage\"},\"thumbnailUrl\":\"https:\/\/www.retourjeans.com\/wp-content\/uploads\/2025\/09\/789c-3251-4d4e-b0d2-2487b44045f3-14.jpg\",\"datePublished\":\"2024-09-03T13:19:07+00:00\",\"dateModified\":\"2026-04-10T03:19:04+00:00\",\"breadcrumb\":{\"@id\":\"https:\/\/www.retourjeans.com\/product\/alex-stone-blue\/#breadcrumb\"},\"inLanguage\":\"de-DE\",\"potentialAction\":[{\"@type\":\"ReadAction\",\"target\":[\"https:\/\/www.retourjeans.com\/product\/alex-stone-blue\/\"]}]},{\"@type\":\"ImageObject\",\"inLanguage\":\"de-DE\",\"@id\":\"https:\/\/www.retourjeans.com\/product\/alex-stone-blue\/#primaryimage\",\"url\":\"https:\/\/www.retourjeans.com\/wp-content\/uploads\/2025\/09\/789c-3251-4d4e-b0d2-2487b44045f3-14.jpg\",\"contentUrl\":\"https:\/\/www.retourjeans.com\/wp-content\/uploads\/2025\/09\/789c-3251-4d4e-b0d2-2487b44045f3-14.jpg\",\"width\":900,\"height\":900},{\"@type\":\"BreadcrumbList\",\"@id\":\"https:\/\/www.retourjeans.com\/product\/alex-stone-blue\/#breadcrumb\",\"itemListElement\":[{\"@type\":\"ListItem\",\"position\":1,\"name\":\"Home\",\"item\":\"https:\/\/www.retourjeans.com\/\"},{\"@type\":\"ListItem\",\"position\":2,\"name\":\"Shop\",\"item\":\"https:\/\/www.retourjeans.com\/shop\/\"},{\"@type\":\"ListItem\",\"position\":3,\"name\":\"Alex\"}]},{\"@type\":\"WebSite\",\"@id\":\"https:\/\/www.retourjeans.com\/#website\",\"url\":\"https:\/\/www.retourjeans.com\/\",\"name\":\"Retour Jeans\",\"description\":\"\",\"potentialAction\":[{\"@type\":\"SearchAction\",\"target\":{\"@type\":\"EntryPoint\",\"urlTemplate\":\"https:\/\/www.retourjeans.com\/?s={search_term_string}\"},\"query-input\":{\"@type\":\"PropertyValueSpecification\",\"valueRequired\":true,\"valueName\":\"search_term_string\"}}],\"inLanguage\":\"de-DE\"}]}<\/script>\n<!-- \/ Yoast SEO plugin. -->","yoast_head_json":{"title":"Alex - Retour Jeans","robots":{"index":"index","follow":"follow","max-snippet":"max-snippet:-1","max-image-preview":"max-image-preview:large","max-video-preview":"max-video-preview:-1"},"canonical":"https:\/\/www.retourjeans.com\/de\/product\/alex-stone-blue\/","og_locale":"de_DE","og_type":"article","og_title":"Alex - Retour Jeans","og_description":"Gewatteerde jas uit de wintercollectie met een ritssluiting voor, zakken met klittenbandsluiting en steekzak aan de voorzijde en een binnenzak met drukknoopsluiting en een afneembare capuchon met drukknopen. De jas heeft een geribde boord aan de onderkant van de mouwen met duimsgaten en is gevoerd. Het jack is waterafstotend en windproof.","og_url":"https:\/\/www.retourjeans.com\/de\/product\/alex-stone-blue\/","og_site_name":"Retour Jeans","article_modified_time":"2026-04-10T03:19:04+00:00","og_image":[{"width":900,"height":900,"url":"https:\/\/www.retourjeans.com\/wp-content\/uploads\/2025\/06\/789c-3251-4d4e-b0d2-2487b44045f3-14.jpg","type":"image\/jpeg"}],"twitter_card":"summary_large_image","twitter_misc":{"Est. reading time":"1 Minute"},"schema":{"@context":"https:\/\/schema.org","@graph":[{"@type":"WebPage","@id":"https:\/\/www.retourjeans.com\/product\/alex-stone-blue\/","url":"https:\/\/www.retourjeans.com\/product\/alex-stone-blue\/","name":"Alex - Retour Jeans","isPartOf":{"@id":"https:\/\/www.retourjeans.com\/#website"},"primaryImageOfPage":{"@id":"https:\/\/www.retourjeans.com\/product\/alex-stone-blue\/#primaryimage"},"image":{"@id":"https:\/\/www.retourjeans.com\/product\/alex-stone-blue\/#primaryimage"},"thumbnailUrl":"https:\/\/www.retourjeans.com\/wp-content\/uploads\/2025\/09\/789c-3251-4d4e-b0d2-2487b44045f3-14.jpg","datePublished":"2024-09-03T13:19:07+00:00","dateModified":"2026-04-10T03:19:04+00:00","breadcrumb":{"@id":"https:\/\/www.retourjeans.com\/product\/alex-stone-blue\/#breadcrumb"},"inLanguage":"de-DE","potentialAction":[{"@type":"ReadAction","target":["https:\/\/www.retourjeans.com\/product\/alex-stone-blue\/"]}]},{"@type":"ImageObject","inLanguage":"de-DE","@id":"https:\/\/www.retourjeans.com\/product\/alex-stone-blue\/#primaryimage","url":"https:\/\/www.retourjeans.com\/wp-content\/uploads\/2025\/09\/789c-3251-4d4e-b0d2-2487b44045f3-14.jpg","contentUrl":"https:\/\/www.retourjeans.com\/wp-content\/uploads\/2025\/09\/789c-3251-4d4e-b0d2-2487b44045f3-14.jpg","width":900,"height":900},{"@type":"BreadcrumbList","@id":"https:\/\/www.retourjeans.com\/product\/alex-stone-blue\/#breadcrumb","itemListElement":[{"@type":"ListItem","position":1,"name":"Home","item":"https:\/\/www.retourjeans.com\/"},{"@type":"ListItem","position":2,"name":"Shop","item":"https:\/\/www.retourjeans.com\/shop\/"},{"@type":"ListItem","position":3,"name":"Alex"}]},{"@type":"WebSite","@id":"https:\/\/www.retourjeans.com\/#website","url":"https:\/\/www.retourjeans.com\/","name":"Retour Jeans","description":"","potentialAction":[{"@type":"SearchAction","target":{"@type":"EntryPoint","urlTemplate":"https:\/\/www.retourjeans.com\/?s={search_term_string}"},"query-input":{"@type":"PropertyValueSpecification","valueRequired":true,"valueName":"search_term_string"}}],"inLanguage":"de-DE"}]}},"_links":{"self":[{"href":"https:\/\/www.retourjeans.com\/de\/wp-json\/wp\/v2\/product\/3308764"}],"collection":[{"href":"https:\/\/www.retourjeans.com\/de\/wp-json\/wp\/v2\/product"}],"about":[{"href":"https:\/\/www.retourjeans.com\/de\/wp-json\/wp\/v2\/types\/product"}],"wp:featuredmedia":[{"embeddable":true,"href":"https:\/\/www.retourjeans.com\/de\/wp-json\/wp\/v2\/media\/3529416"}],"wp:attachment":[{"href":"https:\/\/www.retourjeans.com\/de\/wp-json\/wp\/v2\/media?parent=3308764"}],"wp:term":[{"taxonomy":"product_cat","embeddable":true,"href":"https:\/\/www.retourjeans.com\/de\/wp-json\/wp\/v2\/product_cat?post=3308764"},{"taxonomy":"product_tag","embeddable":true,"href":"https:\/\/www.retourjeans.com\/de\/wp-json\/wp\/v2\/product_tag?post=3308764"}],"curies":[{"name":"wp","href":"https:\/\/api.w.org\/{rel}","templated":true}]}}