{"id":3309803,"date":"2024-09-13T13:43:18","date_gmt":"2024-09-13T11:43:18","guid":{"rendered":"https:\/\/www.retourjeans.com\/product\/anouck-flare-medium-indigo-medium-indigo-denim\/"},"modified":"2026-04-28T04:21:48","modified_gmt":"2026-04-28T02:21:48","slug":"anouck-flare-medium-indigo-medium-indigo-denim","status":"publish","type":"product","link":"https:\/\/www.retourjeans.com\/de\/product\/anouck-flare-medium-indigo-medium-indigo-denim\/","title":{"rendered":"Anouck Flare Medium Indigo"},"content":{"rendered":"<p>WISER COLLECTION | Diese 5-Pocket-Jeans mit ausgestelltem Bein aus der Retour Jeans-Kollektion hat eine ausgestellte Passform. Die Jeans besteht aus super dehnbarem Denim f\u00fcr optimale Bewegungsfreiheit. Sie verf\u00fcgt \u00fcber einen verstellbaren Gummizug in der Taille und einen Hosenschlitz mit Knopf und Rei\u00dfverschluss. Wir verwenden Wiser Wash\u00ae, um authentische Waschungen ohne giftige Chemikalien oder Bimsstein zu erzielen. Diese von Control Union\u00ae zertifizierte, nachhaltige Waschtechnologie minimiert den Wasser- und Energieverbrauch.<\/p>","protected":false},"excerpt":{"rendered":"<p>WISER COLLECTION | Diese 5-Pocket-Jeans mit ausgestelltem Bein aus der Retour Jeans-Kollektion hat eine ausgestellte Passform. Die Jeans besteht aus super dehnbarem Denim f\u00fcr optimale Bewegungsfreiheit. Sie verf\u00fcgt \u00fcber einen verstellbaren Gummizug in der Taille und einen Hosenschlitz mit Knopf und Rei\u00dfverschluss. Wir verwenden Wiser Wash\u00ae, um authentische Waschungen ohne giftige Chemikalien oder Bimsstein zu erzielen. Diese von Control Union\u00ae zertifizierte, nachhaltige Waschtechnologie minimiert den Wasser- und Energieverbrauch.<\/p>","protected":false},"featured_media":3594821,"template":"","meta":{"_acf_changed":false},"product_cat":[505,546,445,521],"product_tag":[760],"class_list":{"0":"post-3309803","1":"product","2":"type-product","3":"status-publish","4":"has-post-thumbnail","6":"product_cat-jeans-445","7":"product_cat-jeans","8":"product_cat-meisjes","9":"product_cat-sale","10":"product_tag-all-season","11":"product_label-duurzaam","13":"first","14":"instock","15":"sale","16":"taxable","17":"shipping-taxable","18":"purchasable","19":"product-type-variable","20":"has-default-attributes"},"acf":[],"yoast_head":"<!-- This site is optimized with the Yoast SEO plugin v23.6 - https:\/\/yoast.com\/wordpress\/plugins\/seo\/ -->\n<title>Anouck Flare Medium Indigo - Retour Jeans<\/title>\n<meta name=\"robots\" content=\"index, follow, max-snippet:-1, max-image-preview:large, max-video-preview:-1\" \/>\n<link rel=\"canonical\" href=\"https:\/\/www.retourjeans.com\/de\/product\/anouck-flare-medium-indigo-medium-indigo-denim\/\" \/>\n<meta property=\"og:locale\" content=\"de_DE\" \/>\n<meta property=\"og:type\" content=\"article\" \/>\n<meta property=\"og:title\" content=\"Anouck Flare Medium Indigo - Retour Jeans\" \/>\n<meta property=\"og:description\" content=\"WISER COLLECTION | Deze 5-pocket jeans met wijduitlopende pijp uit de collectie van Retour Jeans heeft een flared fit. De jeans heeft super elastisch denim voor een optimale bewegingsvrijheid. Voorzien van een verstelbaar elastiek in de taille en een gulp met knoop- en ritssluiting. We gebruiken Wiser Wash\u00ae om authentieke wassingen te verkrijgen zonder giftige chemicali\u00ebn of puimsteen. Deze duurzame wastechnologie is gecertificeerd door Control Union\u00ae en minimaliseert het water- en energieverbruik.\" \/>\n<meta property=\"og:url\" content=\"https:\/\/www.retourjeans.com\/de\/product\/anouck-flare-medium-indigo-medium-indigo-denim\/\" \/>\n<meta property=\"og:site_name\" content=\"Retour Jeans\" \/>\n<meta property=\"article:modified_time\" content=\"2026-04-28T02:21:48+00:00\" \/>\n<meta property=\"og:image\" content=\"https:\/\/www.retourjeans.com\/wp-content\/uploads\/2025\/10\/36d3-8645-417e-82c0-836fbd193f56-22.jpg\" \/>\n\t<meta property=\"og:image:width\" content=\"900\" \/>\n\t<meta property=\"og:image:height\" content=\"900\" \/>\n\t<meta property=\"og:image:type\" content=\"image\/jpeg\" \/>\n<meta name=\"twitter:card\" content=\"summary_large_image\" \/>\n<script type=\"application\/ld+json\" class=\"yoast-schema-graph\">{\"@context\":\"https:\/\/schema.org\",\"@graph\":[{\"@type\":\"WebPage\",\"@id\":\"https:\/\/www.retourjeans.com\/product\/anouck-flare-medium-indigo-medium-indigo-denim\/\",\"url\":\"https:\/\/www.retourjeans.com\/product\/anouck-flare-medium-indigo-medium-indigo-denim\/\",\"name\":\"Anouck Flare Medium Indigo - Retour Jeans\",\"isPartOf\":{\"@id\":\"https:\/\/www.retourjeans.com\/#website\"},\"primaryImageOfPage\":{\"@id\":\"https:\/\/www.retourjeans.com\/product\/anouck-flare-medium-indigo-medium-indigo-denim\/#primaryimage\"},\"image\":{\"@id\":\"https:\/\/www.retourjeans.com\/product\/anouck-flare-medium-indigo-medium-indigo-denim\/#primaryimage\"},\"thumbnailUrl\":\"https:\/\/www.retourjeans.com\/wp-content\/uploads\/2025\/10\/36d3-8645-417e-82c0-836fbd193f56-22.jpg\",\"datePublished\":\"2024-09-13T11:43:18+00:00\",\"dateModified\":\"2026-04-28T02:21:48+00:00\",\"breadcrumb\":{\"@id\":\"https:\/\/www.retourjeans.com\/product\/anouck-flare-medium-indigo-medium-indigo-denim\/#breadcrumb\"},\"inLanguage\":\"de-DE\",\"potentialAction\":[{\"@type\":\"ReadAction\",\"target\":[\"https:\/\/www.retourjeans.com\/product\/anouck-flare-medium-indigo-medium-indigo-denim\/\"]}]},{\"@type\":\"ImageObject\",\"inLanguage\":\"de-DE\",\"@id\":\"https:\/\/www.retourjeans.com\/product\/anouck-flare-medium-indigo-medium-indigo-denim\/#primaryimage\",\"url\":\"https:\/\/www.retourjeans.com\/wp-content\/uploads\/2025\/10\/36d3-8645-417e-82c0-836fbd193f56-22.jpg\",\"contentUrl\":\"https:\/\/www.retourjeans.com\/wp-content\/uploads\/2025\/10\/36d3-8645-417e-82c0-836fbd193f56-22.jpg\",\"width\":900,\"height\":900},{\"@type\":\"BreadcrumbList\",\"@id\":\"https:\/\/www.retourjeans.com\/product\/anouck-flare-medium-indigo-medium-indigo-denim\/#breadcrumb\",\"itemListElement\":[{\"@type\":\"ListItem\",\"position\":1,\"name\":\"Home\",\"item\":\"https:\/\/www.retourjeans.com\/\"},{\"@type\":\"ListItem\",\"position\":2,\"name\":\"Shop\",\"item\":\"https:\/\/www.retourjeans.com\/shop\/\"},{\"@type\":\"ListItem\",\"position\":3,\"name\":\"Anouck Flare Medium Indigo\"}]},{\"@type\":\"WebSite\",\"@id\":\"https:\/\/www.retourjeans.com\/#website\",\"url\":\"https:\/\/www.retourjeans.com\/\",\"name\":\"Retour Jeans\",\"description\":\"\",\"potentialAction\":[{\"@type\":\"SearchAction\",\"target\":{\"@type\":\"EntryPoint\",\"urlTemplate\":\"https:\/\/www.retourjeans.com\/?s={search_term_string}\"},\"query-input\":{\"@type\":\"PropertyValueSpecification\",\"valueRequired\":true,\"valueName\":\"search_term_string\"}}],\"inLanguage\":\"de-DE\"}]}<\/script>\n<!-- \/ Yoast SEO plugin. -->","yoast_head_json":{"title":"Anouck Flare Medium Indigo - Retour Jeans","robots":{"index":"index","follow":"follow","max-snippet":"max-snippet:-1","max-image-preview":"max-image-preview:large","max-video-preview":"max-video-preview:-1"},"canonical":"https:\/\/www.retourjeans.com\/de\/product\/anouck-flare-medium-indigo-medium-indigo-denim\/","og_locale":"de_DE","og_type":"article","og_title":"Anouck Flare Medium Indigo - Retour Jeans","og_description":"WISER COLLECTION | Deze 5-pocket jeans met wijduitlopende pijp uit de collectie van Retour Jeans heeft een flared fit. De jeans heeft super elastisch denim voor een optimale bewegingsvrijheid. Voorzien van een verstelbaar elastiek in de taille en een gulp met knoop- en ritssluiting. We gebruiken Wiser Wash\u00ae om authentieke wassingen te verkrijgen zonder giftige chemicali\u00ebn of puimsteen. Deze duurzame wastechnologie is gecertificeerd door Control Union\u00ae en minimaliseert het water- en energieverbruik.","og_url":"https:\/\/www.retourjeans.com\/de\/product\/anouck-flare-medium-indigo-medium-indigo-denim\/","og_site_name":"Retour Jeans","article_modified_time":"2026-04-28T02:21:48+00:00","og_image":[{"width":900,"height":900,"url":"https:\/\/www.retourjeans.com\/wp-content\/uploads\/2025\/10\/36d3-8645-417e-82c0-836fbd193f56-22.jpg","type":"image\/jpeg"}],"twitter_card":"summary_large_image","schema":{"@context":"https:\/\/schema.org","@graph":[{"@type":"WebPage","@id":"https:\/\/www.retourjeans.com\/product\/anouck-flare-medium-indigo-medium-indigo-denim\/","url":"https:\/\/www.retourjeans.com\/product\/anouck-flare-medium-indigo-medium-indigo-denim\/","name":"Anouck Flare Medium Indigo - Retour Jeans","isPartOf":{"@id":"https:\/\/www.retourjeans.com\/#website"},"primaryImageOfPage":{"@id":"https:\/\/www.retourjeans.com\/product\/anouck-flare-medium-indigo-medium-indigo-denim\/#primaryimage"},"image":{"@id":"https:\/\/www.retourjeans.com\/product\/anouck-flare-medium-indigo-medium-indigo-denim\/#primaryimage"},"thumbnailUrl":"https:\/\/www.retourjeans.com\/wp-content\/uploads\/2025\/10\/36d3-8645-417e-82c0-836fbd193f56-22.jpg","datePublished":"2024-09-13T11:43:18+00:00","dateModified":"2026-04-28T02:21:48+00:00","breadcrumb":{"@id":"https:\/\/www.retourjeans.com\/product\/anouck-flare-medium-indigo-medium-indigo-denim\/#breadcrumb"},"inLanguage":"de-DE","potentialAction":[{"@type":"ReadAction","target":["https:\/\/www.retourjeans.com\/product\/anouck-flare-medium-indigo-medium-indigo-denim\/"]}]},{"@type":"ImageObject","inLanguage":"de-DE","@id":"https:\/\/www.retourjeans.com\/product\/anouck-flare-medium-indigo-medium-indigo-denim\/#primaryimage","url":"https:\/\/www.retourjeans.com\/wp-content\/uploads\/2025\/10\/36d3-8645-417e-82c0-836fbd193f56-22.jpg","contentUrl":"https:\/\/www.retourjeans.com\/wp-content\/uploads\/2025\/10\/36d3-8645-417e-82c0-836fbd193f56-22.jpg","width":900,"height":900},{"@type":"BreadcrumbList","@id":"https:\/\/www.retourjeans.com\/product\/anouck-flare-medium-indigo-medium-indigo-denim\/#breadcrumb","itemListElement":[{"@type":"ListItem","position":1,"name":"Home","item":"https:\/\/www.retourjeans.com\/"},{"@type":"ListItem","position":2,"name":"Shop","item":"https:\/\/www.retourjeans.com\/shop\/"},{"@type":"ListItem","position":3,"name":"Anouck Flare Medium Indigo"}]},{"@type":"WebSite","@id":"https:\/\/www.retourjeans.com\/#website","url":"https:\/\/www.retourjeans.com\/","name":"Retour Jeans","description":"","potentialAction":[{"@type":"SearchAction","target":{"@type":"EntryPoint","urlTemplate":"https:\/\/www.retourjeans.com\/?s={search_term_string}"},"query-input":{"@type":"PropertyValueSpecification","valueRequired":true,"valueName":"search_term_string"}}],"inLanguage":"de-DE"}]}},"_links":{"self":[{"href":"https:\/\/www.retourjeans.com\/de\/wp-json\/wp\/v2\/product\/3309803"}],"collection":[{"href":"https:\/\/www.retourjeans.com\/de\/wp-json\/wp\/v2\/product"}],"about":[{"href":"https:\/\/www.retourjeans.com\/de\/wp-json\/wp\/v2\/types\/product"}],"wp:featuredmedia":[{"embeddable":true,"href":"https:\/\/www.retourjeans.com\/de\/wp-json\/wp\/v2\/media\/3594821"}],"wp:attachment":[{"href":"https:\/\/www.retourjeans.com\/de\/wp-json\/wp\/v2\/media?parent=3309803"}],"wp:term":[{"taxonomy":"product_cat","embeddable":true,"href":"https:\/\/www.retourjeans.com\/de\/wp-json\/wp\/v2\/product_cat?post=3309803"},{"taxonomy":"product_tag","embeddable":true,"href":"https:\/\/www.retourjeans.com\/de\/wp-json\/wp\/v2\/product_tag?post=3309803"}],"curies":[{"name":"wp","href":"https:\/\/api.w.org\/{rel}","templated":true}]}}