{"id":3330179,"date":"2024-10-15T14:39:03","date_gmt":"2024-10-15T12:39:03","guid":{"rendered":"https:\/\/www.retourjeans.com\/product\/rocko-oversized-medium-indigo-medium-indigo-denim\/"},"modified":"2026-05-12T14:57:38","modified_gmt":"2026-05-12T12:57:38","slug":"rocko-oversized-medium-indigo-medium-indigo-denim","status":"publish","type":"product","link":"https:\/\/www.retourjeans.com\/de\/product\/rocko-oversized-medium-indigo-medium-indigo-denim\/","title":{"rendered":"Rocko Oversized Medium Indigo"},"content":{"rendered":"<p>Diese 5-Pocket-Jeans aus der Kollektion von Retour Jeans hat eine \u00fcbergro\u00dfe Passform. Die Jeans besteht aus super dehnbarem Denim f\u00fcr optimale Bewegungsfreiheit. Sie hat einen verstellbaren Gummibund und einen Hosenschlitz mit Knopf und Rei\u00dfverschluss.<\/p>","protected":false},"excerpt":{"rendered":"<p>Diese 5-Pocket-Jeans aus der Kollektion von Retour Jeans hat eine \u00fcbergro\u00dfe Passform. Die Jeans besteht aus super dehnbarem Denim f\u00fcr optimale Bewegungsfreiheit. Sie hat einen verstellbaren Gummibund und einen Hosenschlitz mit Knopf und Rei\u00dfverschluss.<\/p>","protected":false},"featured_media":3594846,"template":"","meta":{"_acf_changed":false},"product_cat":[475,546,450,521],"product_tag":[818,755],"class_list":{"0":"post-3330179","1":"product","2":"type-product","3":"status-publish","4":"has-post-thumbnail","6":"product_cat-jeans-450","7":"product_cat-jeans","8":"product_cat-jongens","9":"product_cat-sale","10":"product_tag-denim-weeks","11":"product_tag-fw24-main","13":"first","14":"instock","15":"sale","16":"taxable","17":"shipping-taxable","18":"purchasable","19":"product-type-variable","20":"has-default-attributes"},"acf":[],"yoast_head":"<!-- This site is optimized with the Yoast SEO plugin v23.6 - https:\/\/yoast.com\/wordpress\/plugins\/seo\/ -->\n<title>Rocko Oversized Medium Indigo - Retour Jeans<\/title>\n<meta name=\"robots\" content=\"index, follow, max-snippet:-1, max-image-preview:large, max-video-preview:-1\" \/>\n<link rel=\"canonical\" href=\"https:\/\/www.retourjeans.com\/de\/product\/rocko-oversized-medium-indigo-medium-indigo-denim\/\" \/>\n<meta property=\"og:locale\" content=\"de_DE\" \/>\n<meta property=\"og:type\" content=\"article\" \/>\n<meta property=\"og:title\" content=\"Rocko Oversized Medium Indigo - Retour Jeans\" \/>\n<meta property=\"og:description\" content=\"Deze 5-pocket jeans uit de collectie van Retour Jeans heeft een oversized fit. De jeans heeft super elastisch denim voor een optimale bewegingsvrijheid. Voorzien van een verstelbaar elastiek in de taille en een gulp met knoop- en ritssluiting.\" \/>\n<meta property=\"og:url\" content=\"https:\/\/www.retourjeans.com\/de\/product\/rocko-oversized-medium-indigo-medium-indigo-denim\/\" \/>\n<meta property=\"og:site_name\" content=\"Retour Jeans\" \/>\n<meta property=\"article:modified_time\" content=\"2026-05-12T12:57:38+00:00\" \/>\n<meta property=\"og:image\" content=\"https:\/\/www.retourjeans.com\/wp-content\/uploads\/2025\/10\/9ce3-07e0-441a-b69c-9f6d2f9ffa22-26.jpg\" \/>\n\t<meta property=\"og:image:width\" content=\"900\" \/>\n\t<meta property=\"og:image:height\" content=\"900\" \/>\n\t<meta property=\"og:image:type\" content=\"image\/jpeg\" \/>\n<meta name=\"twitter:card\" content=\"summary_large_image\" \/>\n<meta name=\"twitter:label1\" content=\"Est. reading time\" \/>\n\t<meta name=\"twitter:data1\" content=\"1 Minute\" \/>\n<script type=\"application\/ld+json\" class=\"yoast-schema-graph\">{\"@context\":\"https:\/\/schema.org\",\"@graph\":[{\"@type\":\"WebPage\",\"@id\":\"https:\/\/www.retourjeans.com\/product\/rocko-oversized-medium-indigo-medium-indigo-denim\/\",\"url\":\"https:\/\/www.retourjeans.com\/product\/rocko-oversized-medium-indigo-medium-indigo-denim\/\",\"name\":\"Rocko Oversized Medium Indigo - Retour Jeans\",\"isPartOf\":{\"@id\":\"https:\/\/www.retourjeans.com\/#website\"},\"primaryImageOfPage\":{\"@id\":\"https:\/\/www.retourjeans.com\/product\/rocko-oversized-medium-indigo-medium-indigo-denim\/#primaryimage\"},\"image\":{\"@id\":\"https:\/\/www.retourjeans.com\/product\/rocko-oversized-medium-indigo-medium-indigo-denim\/#primaryimage\"},\"thumbnailUrl\":\"https:\/\/www.retourjeans.com\/wp-content\/uploads\/2025\/10\/9ce3-07e0-441a-b69c-9f6d2f9ffa22-26.jpg\",\"datePublished\":\"2024-10-15T12:39:03+00:00\",\"dateModified\":\"2026-05-12T12:57:38+00:00\",\"breadcrumb\":{\"@id\":\"https:\/\/www.retourjeans.com\/product\/rocko-oversized-medium-indigo-medium-indigo-denim\/#breadcrumb\"},\"inLanguage\":\"de-DE\",\"potentialAction\":[{\"@type\":\"ReadAction\",\"target\":[\"https:\/\/www.retourjeans.com\/product\/rocko-oversized-medium-indigo-medium-indigo-denim\/\"]}]},{\"@type\":\"ImageObject\",\"inLanguage\":\"de-DE\",\"@id\":\"https:\/\/www.retourjeans.com\/product\/rocko-oversized-medium-indigo-medium-indigo-denim\/#primaryimage\",\"url\":\"https:\/\/www.retourjeans.com\/wp-content\/uploads\/2025\/10\/9ce3-07e0-441a-b69c-9f6d2f9ffa22-26.jpg\",\"contentUrl\":\"https:\/\/www.retourjeans.com\/wp-content\/uploads\/2025\/10\/9ce3-07e0-441a-b69c-9f6d2f9ffa22-26.jpg\",\"width\":900,\"height\":900},{\"@type\":\"BreadcrumbList\",\"@id\":\"https:\/\/www.retourjeans.com\/product\/rocko-oversized-medium-indigo-medium-indigo-denim\/#breadcrumb\",\"itemListElement\":[{\"@type\":\"ListItem\",\"position\":1,\"name\":\"Home\",\"item\":\"https:\/\/www.retourjeans.com\/\"},{\"@type\":\"ListItem\",\"position\":2,\"name\":\"Shop\",\"item\":\"https:\/\/www.retourjeans.com\/shop\/\"},{\"@type\":\"ListItem\",\"position\":3,\"name\":\"Rocko Oversized Medium Indigo\"}]},{\"@type\":\"WebSite\",\"@id\":\"https:\/\/www.retourjeans.com\/#website\",\"url\":\"https:\/\/www.retourjeans.com\/\",\"name\":\"Retour Jeans\",\"description\":\"\",\"potentialAction\":[{\"@type\":\"SearchAction\",\"target\":{\"@type\":\"EntryPoint\",\"urlTemplate\":\"https:\/\/www.retourjeans.com\/?s={search_term_string}\"},\"query-input\":{\"@type\":\"PropertyValueSpecification\",\"valueRequired\":true,\"valueName\":\"search_term_string\"}}],\"inLanguage\":\"de-DE\"}]}<\/script>\n<!-- \/ Yoast SEO plugin. -->","yoast_head_json":{"title":"Rocko Oversized Medium Indigo - Retour Jeans","robots":{"index":"index","follow":"follow","max-snippet":"max-snippet:-1","max-image-preview":"max-image-preview:large","max-video-preview":"max-video-preview:-1"},"canonical":"https:\/\/www.retourjeans.com\/de\/product\/rocko-oversized-medium-indigo-medium-indigo-denim\/","og_locale":"de_DE","og_type":"article","og_title":"Rocko Oversized Medium Indigo - Retour Jeans","og_description":"Deze 5-pocket jeans uit de collectie van Retour Jeans heeft een oversized fit. De jeans heeft super elastisch denim voor een optimale bewegingsvrijheid. Voorzien van een verstelbaar elastiek in de taille en een gulp met knoop- en ritssluiting.","og_url":"https:\/\/www.retourjeans.com\/de\/product\/rocko-oversized-medium-indigo-medium-indigo-denim\/","og_site_name":"Retour Jeans","article_modified_time":"2026-05-12T12:57:38+00:00","og_image":[{"width":900,"height":900,"url":"https:\/\/www.retourjeans.com\/wp-content\/uploads\/2025\/10\/9ce3-07e0-441a-b69c-9f6d2f9ffa22-26.jpg","type":"image\/jpeg"}],"twitter_card":"summary_large_image","twitter_misc":{"Est. reading time":"1 Minute"},"schema":{"@context":"https:\/\/schema.org","@graph":[{"@type":"WebPage","@id":"https:\/\/www.retourjeans.com\/product\/rocko-oversized-medium-indigo-medium-indigo-denim\/","url":"https:\/\/www.retourjeans.com\/product\/rocko-oversized-medium-indigo-medium-indigo-denim\/","name":"Rocko Oversized Medium Indigo - Retour Jeans","isPartOf":{"@id":"https:\/\/www.retourjeans.com\/#website"},"primaryImageOfPage":{"@id":"https:\/\/www.retourjeans.com\/product\/rocko-oversized-medium-indigo-medium-indigo-denim\/#primaryimage"},"image":{"@id":"https:\/\/www.retourjeans.com\/product\/rocko-oversized-medium-indigo-medium-indigo-denim\/#primaryimage"},"thumbnailUrl":"https:\/\/www.retourjeans.com\/wp-content\/uploads\/2025\/10\/9ce3-07e0-441a-b69c-9f6d2f9ffa22-26.jpg","datePublished":"2024-10-15T12:39:03+00:00","dateModified":"2026-05-12T12:57:38+00:00","breadcrumb":{"@id":"https:\/\/www.retourjeans.com\/product\/rocko-oversized-medium-indigo-medium-indigo-denim\/#breadcrumb"},"inLanguage":"de-DE","potentialAction":[{"@type":"ReadAction","target":["https:\/\/www.retourjeans.com\/product\/rocko-oversized-medium-indigo-medium-indigo-denim\/"]}]},{"@type":"ImageObject","inLanguage":"de-DE","@id":"https:\/\/www.retourjeans.com\/product\/rocko-oversized-medium-indigo-medium-indigo-denim\/#primaryimage","url":"https:\/\/www.retourjeans.com\/wp-content\/uploads\/2025\/10\/9ce3-07e0-441a-b69c-9f6d2f9ffa22-26.jpg","contentUrl":"https:\/\/www.retourjeans.com\/wp-content\/uploads\/2025\/10\/9ce3-07e0-441a-b69c-9f6d2f9ffa22-26.jpg","width":900,"height":900},{"@type":"BreadcrumbList","@id":"https:\/\/www.retourjeans.com\/product\/rocko-oversized-medium-indigo-medium-indigo-denim\/#breadcrumb","itemListElement":[{"@type":"ListItem","position":1,"name":"Home","item":"https:\/\/www.retourjeans.com\/"},{"@type":"ListItem","position":2,"name":"Shop","item":"https:\/\/www.retourjeans.com\/shop\/"},{"@type":"ListItem","position":3,"name":"Rocko Oversized Medium Indigo"}]},{"@type":"WebSite","@id":"https:\/\/www.retourjeans.com\/#website","url":"https:\/\/www.retourjeans.com\/","name":"Retour Jeans","description":"","potentialAction":[{"@type":"SearchAction","target":{"@type":"EntryPoint","urlTemplate":"https:\/\/www.retourjeans.com\/?s={search_term_string}"},"query-input":{"@type":"PropertyValueSpecification","valueRequired":true,"valueName":"search_term_string"}}],"inLanguage":"de-DE"}]}},"_links":{"self":[{"href":"https:\/\/www.retourjeans.com\/de\/wp-json\/wp\/v2\/product\/3330179"}],"collection":[{"href":"https:\/\/www.retourjeans.com\/de\/wp-json\/wp\/v2\/product"}],"about":[{"href":"https:\/\/www.retourjeans.com\/de\/wp-json\/wp\/v2\/types\/product"}],"wp:featuredmedia":[{"embeddable":true,"href":"https:\/\/www.retourjeans.com\/de\/wp-json\/wp\/v2\/media\/3594846"}],"wp:attachment":[{"href":"https:\/\/www.retourjeans.com\/de\/wp-json\/wp\/v2\/media?parent=3330179"}],"wp:term":[{"taxonomy":"product_cat","embeddable":true,"href":"https:\/\/www.retourjeans.com\/de\/wp-json\/wp\/v2\/product_cat?post=3330179"},{"taxonomy":"product_tag","embeddable":true,"href":"https:\/\/www.retourjeans.com\/de\/wp-json\/wp\/v2\/product_tag?post=3330179"}],"curies":[{"name":"wp","href":"https:\/\/api.w.org\/{rel}","templated":true}]}}