{"id":3331745,"date":"2024-10-28T16:26:50","date_gmt":"2024-10-28T15:26:50","guid":{"rendered":"https:\/\/www.retourjeans.com\/product\/fanny-black\/"},"modified":"2026-04-10T06:25:05","modified_gmt":"2026-04-10T04:25:05","slug":"fanny-black","status":"publish","type":"product","link":"https:\/\/www.retourjeans.com\/de\/product\/fanny-black\/","title":{"rendered":"Fanny"},"content":{"rendered":"<p>Kn\u00f6chellanger Rock in weicher Rippstrickqualit\u00e4t aus der Flash-Winterkollektion mit hoher Taille und elastischem Bund. Die Passform ist oben eng anliegend und l\u00e4uft nach unten hin leicht aus.<\/p>","protected":false},"excerpt":{"rendered":"<p>Kn\u00f6chellanger Rock in weicher Rippstrickqualit\u00e4t aus der Flash-Winterkollektion mit hoher Taille und elastischem Bund. Die Passform ist oben eng anliegend und l\u00e4uft nach unten hin leicht aus.<\/p>","protected":false},"featured_media":3529484,"template":"","meta":{"_acf_changed":false},"product_cat":[445,499,568,521],"product_tag":[773],"class_list":{"0":"post-3331745","1":"product","2":"type-product","3":"status-publish","4":"has-post-thumbnail","6":"product_cat-meisjes","7":"product_cat-rokjes-445","8":"product_cat-rokjes","9":"product_cat-sale","10":"product_tag-fw24-flash","12":"first","13":"outofstock","14":"sale","15":"taxable","16":"shipping-taxable","17":"purchasable","18":"product-type-variable","19":"has-default-attributes"},"acf":[],"yoast_head":"<!-- This site is optimized with the Yoast SEO plugin v23.6 - https:\/\/yoast.com\/wordpress\/plugins\/seo\/ -->\n<title>Fanny - Retour Jeans<\/title>\n<meta name=\"robots\" content=\"index, follow, max-snippet:-1, max-image-preview:large, max-video-preview:-1\" \/>\n<link rel=\"canonical\" href=\"https:\/\/www.retourjeans.com\/de\/product\/fanny-black\/\" \/>\n<meta property=\"og:locale\" content=\"de_DE\" \/>\n<meta property=\"og:type\" content=\"article\" \/>\n<meta property=\"og:title\" content=\"Fanny - Retour Jeans\" \/>\n<meta property=\"og:description\" content=\"Een enkellange rok van zachte, ribgebreide kwaliteit uit de Flash wintercollectie met een hoge taille met elastiek in de taille. Het model is nauwsluitend aan de bovenkant en loopt naar onderen toe licht uit.\" \/>\n<meta property=\"og:url\" content=\"https:\/\/www.retourjeans.com\/de\/product\/fanny-black\/\" \/>\n<meta property=\"og:site_name\" content=\"Retour Jeans\" \/>\n<meta property=\"article:modified_time\" content=\"2026-04-10T04:25:05+00:00\" \/>\n<meta property=\"og:image\" content=\"https:\/\/www.retourjeans.com\/wp-content\/uploads\/2024\/10\/8b16-5fa1-45b2-933a-101081dbd94d-11.jpg\" \/>\n\t<meta property=\"og:image:width\" content=\"900\" \/>\n\t<meta property=\"og:image:height\" content=\"900\" \/>\n\t<meta property=\"og:image:type\" content=\"image\/jpeg\" \/>\n<meta name=\"twitter:card\" content=\"summary_large_image\" \/>\n<script type=\"application\/ld+json\" class=\"yoast-schema-graph\">{\"@context\":\"https:\/\/schema.org\",\"@graph\":[{\"@type\":\"WebPage\",\"@id\":\"https:\/\/www.retourjeans.com\/product\/fanny-black\/\",\"url\":\"https:\/\/www.retourjeans.com\/product\/fanny-black\/\",\"name\":\"Fanny - Retour Jeans\",\"isPartOf\":{\"@id\":\"https:\/\/www.retourjeans.com\/#website\"},\"primaryImageOfPage\":{\"@id\":\"https:\/\/www.retourjeans.com\/product\/fanny-black\/#primaryimage\"},\"image\":{\"@id\":\"https:\/\/www.retourjeans.com\/product\/fanny-black\/#primaryimage\"},\"thumbnailUrl\":\"https:\/\/www.retourjeans.com\/wp-content\/uploads\/2025\/09\/8b16-5fa1-45b2-933a-101081dbd94d-16.jpg\",\"datePublished\":\"2024-10-28T15:26:50+00:00\",\"dateModified\":\"2026-04-10T04:25:05+00:00\",\"breadcrumb\":{\"@id\":\"https:\/\/www.retourjeans.com\/product\/fanny-black\/#breadcrumb\"},\"inLanguage\":\"de-DE\",\"potentialAction\":[{\"@type\":\"ReadAction\",\"target\":[\"https:\/\/www.retourjeans.com\/product\/fanny-black\/\"]}]},{\"@type\":\"ImageObject\",\"inLanguage\":\"de-DE\",\"@id\":\"https:\/\/www.retourjeans.com\/product\/fanny-black\/#primaryimage\",\"url\":\"https:\/\/www.retourjeans.com\/wp-content\/uploads\/2025\/09\/8b16-5fa1-45b2-933a-101081dbd94d-16.jpg\",\"contentUrl\":\"https:\/\/www.retourjeans.com\/wp-content\/uploads\/2025\/09\/8b16-5fa1-45b2-933a-101081dbd94d-16.jpg\",\"width\":900,\"height\":900},{\"@type\":\"BreadcrumbList\",\"@id\":\"https:\/\/www.retourjeans.com\/product\/fanny-black\/#breadcrumb\",\"itemListElement\":[{\"@type\":\"ListItem\",\"position\":1,\"name\":\"Home\",\"item\":\"https:\/\/www.retourjeans.com\/\"},{\"@type\":\"ListItem\",\"position\":2,\"name\":\"Shop\",\"item\":\"https:\/\/www.retourjeans.com\/shop\/\"},{\"@type\":\"ListItem\",\"position\":3,\"name\":\"Fanny\"}]},{\"@type\":\"WebSite\",\"@id\":\"https:\/\/www.retourjeans.com\/#website\",\"url\":\"https:\/\/www.retourjeans.com\/\",\"name\":\"Retour Jeans\",\"description\":\"\",\"potentialAction\":[{\"@type\":\"SearchAction\",\"target\":{\"@type\":\"EntryPoint\",\"urlTemplate\":\"https:\/\/www.retourjeans.com\/?s={search_term_string}\"},\"query-input\":{\"@type\":\"PropertyValueSpecification\",\"valueRequired\":true,\"valueName\":\"search_term_string\"}}],\"inLanguage\":\"de-DE\"}]}<\/script>\n<!-- \/ Yoast SEO plugin. -->","yoast_head_json":{"title":"Fanny - Retour Jeans","robots":{"index":"index","follow":"follow","max-snippet":"max-snippet:-1","max-image-preview":"max-image-preview:large","max-video-preview":"max-video-preview:-1"},"canonical":"https:\/\/www.retourjeans.com\/de\/product\/fanny-black\/","og_locale":"de_DE","og_type":"article","og_title":"Fanny - Retour Jeans","og_description":"Een enkellange rok van zachte, ribgebreide kwaliteit uit de Flash wintercollectie met een hoge taille met elastiek in de taille. Het model is nauwsluitend aan de bovenkant en loopt naar onderen toe licht uit.","og_url":"https:\/\/www.retourjeans.com\/de\/product\/fanny-black\/","og_site_name":"Retour Jeans","article_modified_time":"2026-04-10T04:25:05+00:00","og_image":[{"width":900,"height":900,"url":"https:\/\/www.retourjeans.com\/wp-content\/uploads\/2024\/10\/8b16-5fa1-45b2-933a-101081dbd94d-11.jpg","type":"image\/jpeg"}],"twitter_card":"summary_large_image","schema":{"@context":"https:\/\/schema.org","@graph":[{"@type":"WebPage","@id":"https:\/\/www.retourjeans.com\/product\/fanny-black\/","url":"https:\/\/www.retourjeans.com\/product\/fanny-black\/","name":"Fanny - Retour Jeans","isPartOf":{"@id":"https:\/\/www.retourjeans.com\/#website"},"primaryImageOfPage":{"@id":"https:\/\/www.retourjeans.com\/product\/fanny-black\/#primaryimage"},"image":{"@id":"https:\/\/www.retourjeans.com\/product\/fanny-black\/#primaryimage"},"thumbnailUrl":"https:\/\/www.retourjeans.com\/wp-content\/uploads\/2025\/09\/8b16-5fa1-45b2-933a-101081dbd94d-16.jpg","datePublished":"2024-10-28T15:26:50+00:00","dateModified":"2026-04-10T04:25:05+00:00","breadcrumb":{"@id":"https:\/\/www.retourjeans.com\/product\/fanny-black\/#breadcrumb"},"inLanguage":"de-DE","potentialAction":[{"@type":"ReadAction","target":["https:\/\/www.retourjeans.com\/product\/fanny-black\/"]}]},{"@type":"ImageObject","inLanguage":"de-DE","@id":"https:\/\/www.retourjeans.com\/product\/fanny-black\/#primaryimage","url":"https:\/\/www.retourjeans.com\/wp-content\/uploads\/2025\/09\/8b16-5fa1-45b2-933a-101081dbd94d-16.jpg","contentUrl":"https:\/\/www.retourjeans.com\/wp-content\/uploads\/2025\/09\/8b16-5fa1-45b2-933a-101081dbd94d-16.jpg","width":900,"height":900},{"@type":"BreadcrumbList","@id":"https:\/\/www.retourjeans.com\/product\/fanny-black\/#breadcrumb","itemListElement":[{"@type":"ListItem","position":1,"name":"Home","item":"https:\/\/www.retourjeans.com\/"},{"@type":"ListItem","position":2,"name":"Shop","item":"https:\/\/www.retourjeans.com\/shop\/"},{"@type":"ListItem","position":3,"name":"Fanny"}]},{"@type":"WebSite","@id":"https:\/\/www.retourjeans.com\/#website","url":"https:\/\/www.retourjeans.com\/","name":"Retour Jeans","description":"","potentialAction":[{"@type":"SearchAction","target":{"@type":"EntryPoint","urlTemplate":"https:\/\/www.retourjeans.com\/?s={search_term_string}"},"query-input":{"@type":"PropertyValueSpecification","valueRequired":true,"valueName":"search_term_string"}}],"inLanguage":"de-DE"}]}},"_links":{"self":[{"href":"https:\/\/www.retourjeans.com\/de\/wp-json\/wp\/v2\/product\/3331745"}],"collection":[{"href":"https:\/\/www.retourjeans.com\/de\/wp-json\/wp\/v2\/product"}],"about":[{"href":"https:\/\/www.retourjeans.com\/de\/wp-json\/wp\/v2\/types\/product"}],"wp:featuredmedia":[{"embeddable":true,"href":"https:\/\/www.retourjeans.com\/de\/wp-json\/wp\/v2\/media\/3529484"}],"wp:attachment":[{"href":"https:\/\/www.retourjeans.com\/de\/wp-json\/wp\/v2\/media?parent=3331745"}],"wp:term":[{"taxonomy":"product_cat","embeddable":true,"href":"https:\/\/www.retourjeans.com\/de\/wp-json\/wp\/v2\/product_cat?post=3331745"},{"taxonomy":"product_tag","embeddable":true,"href":"https:\/\/www.retourjeans.com\/de\/wp-json\/wp\/v2\/product_tag?post=3331745"}],"curies":[{"name":"wp","href":"https:\/\/api.w.org\/{rel}","templated":true}]}}