{"id":3418611,"date":"2025-09-29T09:38:57","date_gmt":"2025-09-29T07:38:57","guid":{"rendered":"https:\/\/www.retourjeans.com\/product\/katja-optical-white\/"},"modified":"2026-04-10T05:34:03","modified_gmt":"2026-04-10T03:34:03","slug":"katja-optical-white","status":"publish","type":"product","link":"https:\/\/www.retourjeans.com\/de\/product\/katja-optical-white\/","title":{"rendered":"Katja"},"content":{"rendered":"<p>Hemdbluse aus der Sommerkollektion von Retour Jeans mit einem Kragen, einem Knopfverschluss vorne und einer Brusttasche. Die Bluse hat eine ger\u00e4umige Passform, abgesenkte Schultern\u00e4hte und lange \u00c4rmel mit einer Manschette mit Knopfverschluss.<\/p>","protected":false},"excerpt":{"rendered":"<p>Hemdbluse aus der Sommerkollektion von Retour Jeans mit einem Kragen, einem Knopfverschluss vorne und einer Brusttasche. Die Bluse hat eine ger\u00e4umige Passform, abgesenkte Schultern\u00e4hte und lange \u00c4rmel mit einer Manschette mit Knopfverschluss.<\/p>","protected":false},"featured_media":3585353,"template":"","meta":{"_acf_changed":false},"product_cat":[512,571,445,521],"product_tag":[787,778],"class_list":{"0":"post-3418611","1":"product","2":"type-product","3":"status-publish","4":"has-post-thumbnail","6":"product_cat-blouses-445","7":"product_cat-blouses","8":"product_cat-meisjes","9":"product_cat-sale","10":"product_tag-outlet","11":"product_tag-ss25-main","13":"first","14":"instock","15":"sale","16":"taxable","17":"shipping-taxable","18":"purchasable","19":"product-type-variable","20":"has-default-attributes"},"acf":[],"yoast_head":"<!-- This site is optimized with the Yoast SEO plugin v23.6 - https:\/\/yoast.com\/wordpress\/plugins\/seo\/ -->\n<title>Katja - Retour Jeans<\/title>\n<meta name=\"robots\" content=\"index, follow, max-snippet:-1, max-image-preview:large, max-video-preview:-1\" \/>\n<link rel=\"canonical\" href=\"https:\/\/www.retourjeans.com\/de\/product\/katja-optical-white\/\" \/>\n<meta property=\"og:locale\" content=\"de_DE\" \/>\n<meta property=\"og:type\" content=\"article\" \/>\n<meta property=\"og:title\" content=\"Katja - Retour Jeans\" \/>\n<meta property=\"og:description\" content=\"Een overhemdblouse uit de zomercollectie van Retour Jeans met een kraag, een knoopsluiting voor en een borstzak. De blouse heeft een ruime pasvorm, verlaagde schoudernaden en lange mouwen met een manchet met knoopsluiting.\" \/>\n<meta property=\"og:url\" content=\"https:\/\/www.retourjeans.com\/de\/product\/katja-optical-white\/\" \/>\n<meta property=\"og:site_name\" content=\"Retour Jeans\" \/>\n<meta property=\"article:modified_time\" content=\"2026-04-10T03:34:03+00:00\" \/>\n<meta property=\"og:image\" content=\"https:\/\/www.retourjeans.com\/wp-content\/uploads\/2025\/09\/9f72-51e8-4353-8510-d96b8cd38142-16.jpg\" \/>\n\t<meta property=\"og:image:width\" content=\"900\" \/>\n\t<meta property=\"og:image:height\" content=\"900\" \/>\n\t<meta property=\"og:image:type\" content=\"image\/jpeg\" \/>\n<meta name=\"twitter:card\" content=\"summary_large_image\" \/>\n<script type=\"application\/ld+json\" class=\"yoast-schema-graph\">{\"@context\":\"https:\/\/schema.org\",\"@graph\":[{\"@type\":\"WebPage\",\"@id\":\"https:\/\/www.retourjeans.com\/product\/katja-optical-white\/\",\"url\":\"https:\/\/www.retourjeans.com\/product\/katja-optical-white\/\",\"name\":\"Katja - Retour Jeans\",\"isPartOf\":{\"@id\":\"https:\/\/www.retourjeans.com\/#website\"},\"primaryImageOfPage\":{\"@id\":\"https:\/\/www.retourjeans.com\/product\/katja-optical-white\/#primaryimage\"},\"image\":{\"@id\":\"https:\/\/www.retourjeans.com\/product\/katja-optical-white\/#primaryimage\"},\"thumbnailUrl\":\"https:\/\/www.retourjeans.com\/wp-content\/uploads\/2025\/09\/9f72-51e8-4353-8510-d96b8cd38142-16.jpg\",\"datePublished\":\"2025-09-29T07:38:57+00:00\",\"dateModified\":\"2026-04-10T03:34:03+00:00\",\"breadcrumb\":{\"@id\":\"https:\/\/www.retourjeans.com\/product\/katja-optical-white\/#breadcrumb\"},\"inLanguage\":\"de-DE\",\"potentialAction\":[{\"@type\":\"ReadAction\",\"target\":[\"https:\/\/www.retourjeans.com\/product\/katja-optical-white\/\"]}]},{\"@type\":\"ImageObject\",\"inLanguage\":\"de-DE\",\"@id\":\"https:\/\/www.retourjeans.com\/product\/katja-optical-white\/#primaryimage\",\"url\":\"https:\/\/www.retourjeans.com\/wp-content\/uploads\/2025\/09\/9f72-51e8-4353-8510-d96b8cd38142-16.jpg\",\"contentUrl\":\"https:\/\/www.retourjeans.com\/wp-content\/uploads\/2025\/09\/9f72-51e8-4353-8510-d96b8cd38142-16.jpg\",\"width\":900,\"height\":900},{\"@type\":\"BreadcrumbList\",\"@id\":\"https:\/\/www.retourjeans.com\/product\/katja-optical-white\/#breadcrumb\",\"itemListElement\":[{\"@type\":\"ListItem\",\"position\":1,\"name\":\"Home\",\"item\":\"https:\/\/www.retourjeans.com\/\"},{\"@type\":\"ListItem\",\"position\":2,\"name\":\"Shop\",\"item\":\"https:\/\/www.retourjeans.com\/shop\/\"},{\"@type\":\"ListItem\",\"position\":3,\"name\":\"Katja\"}]},{\"@type\":\"WebSite\",\"@id\":\"https:\/\/www.retourjeans.com\/#website\",\"url\":\"https:\/\/www.retourjeans.com\/\",\"name\":\"Retour Jeans\",\"description\":\"\",\"potentialAction\":[{\"@type\":\"SearchAction\",\"target\":{\"@type\":\"EntryPoint\",\"urlTemplate\":\"https:\/\/www.retourjeans.com\/?s={search_term_string}\"},\"query-input\":{\"@type\":\"PropertyValueSpecification\",\"valueRequired\":true,\"valueName\":\"search_term_string\"}}],\"inLanguage\":\"de-DE\"}]}<\/script>\n<!-- \/ Yoast SEO plugin. -->","yoast_head_json":{"title":"Katja - Retour Jeans","robots":{"index":"index","follow":"follow","max-snippet":"max-snippet:-1","max-image-preview":"max-image-preview:large","max-video-preview":"max-video-preview:-1"},"canonical":"https:\/\/www.retourjeans.com\/de\/product\/katja-optical-white\/","og_locale":"de_DE","og_type":"article","og_title":"Katja - Retour Jeans","og_description":"Een overhemdblouse uit de zomercollectie van Retour Jeans met een kraag, een knoopsluiting voor en een borstzak. De blouse heeft een ruime pasvorm, verlaagde schoudernaden en lange mouwen met een manchet met knoopsluiting.","og_url":"https:\/\/www.retourjeans.com\/de\/product\/katja-optical-white\/","og_site_name":"Retour Jeans","article_modified_time":"2026-04-10T03:34:03+00:00","og_image":[{"width":900,"height":900,"url":"https:\/\/www.retourjeans.com\/wp-content\/uploads\/2025\/09\/9f72-51e8-4353-8510-d96b8cd38142-16.jpg","type":"image\/jpeg"}],"twitter_card":"summary_large_image","schema":{"@context":"https:\/\/schema.org","@graph":[{"@type":"WebPage","@id":"https:\/\/www.retourjeans.com\/product\/katja-optical-white\/","url":"https:\/\/www.retourjeans.com\/product\/katja-optical-white\/","name":"Katja - Retour Jeans","isPartOf":{"@id":"https:\/\/www.retourjeans.com\/#website"},"primaryImageOfPage":{"@id":"https:\/\/www.retourjeans.com\/product\/katja-optical-white\/#primaryimage"},"image":{"@id":"https:\/\/www.retourjeans.com\/product\/katja-optical-white\/#primaryimage"},"thumbnailUrl":"https:\/\/www.retourjeans.com\/wp-content\/uploads\/2025\/09\/9f72-51e8-4353-8510-d96b8cd38142-16.jpg","datePublished":"2025-09-29T07:38:57+00:00","dateModified":"2026-04-10T03:34:03+00:00","breadcrumb":{"@id":"https:\/\/www.retourjeans.com\/product\/katja-optical-white\/#breadcrumb"},"inLanguage":"de-DE","potentialAction":[{"@type":"ReadAction","target":["https:\/\/www.retourjeans.com\/product\/katja-optical-white\/"]}]},{"@type":"ImageObject","inLanguage":"de-DE","@id":"https:\/\/www.retourjeans.com\/product\/katja-optical-white\/#primaryimage","url":"https:\/\/www.retourjeans.com\/wp-content\/uploads\/2025\/09\/9f72-51e8-4353-8510-d96b8cd38142-16.jpg","contentUrl":"https:\/\/www.retourjeans.com\/wp-content\/uploads\/2025\/09\/9f72-51e8-4353-8510-d96b8cd38142-16.jpg","width":900,"height":900},{"@type":"BreadcrumbList","@id":"https:\/\/www.retourjeans.com\/product\/katja-optical-white\/#breadcrumb","itemListElement":[{"@type":"ListItem","position":1,"name":"Home","item":"https:\/\/www.retourjeans.com\/"},{"@type":"ListItem","position":2,"name":"Shop","item":"https:\/\/www.retourjeans.com\/shop\/"},{"@type":"ListItem","position":3,"name":"Katja"}]},{"@type":"WebSite","@id":"https:\/\/www.retourjeans.com\/#website","url":"https:\/\/www.retourjeans.com\/","name":"Retour Jeans","description":"","potentialAction":[{"@type":"SearchAction","target":{"@type":"EntryPoint","urlTemplate":"https:\/\/www.retourjeans.com\/?s={search_term_string}"},"query-input":{"@type":"PropertyValueSpecification","valueRequired":true,"valueName":"search_term_string"}}],"inLanguage":"de-DE"}]}},"_links":{"self":[{"href":"https:\/\/www.retourjeans.com\/de\/wp-json\/wp\/v2\/product\/3418611"}],"collection":[{"href":"https:\/\/www.retourjeans.com\/de\/wp-json\/wp\/v2\/product"}],"about":[{"href":"https:\/\/www.retourjeans.com\/de\/wp-json\/wp\/v2\/types\/product"}],"wp:featuredmedia":[{"embeddable":true,"href":"https:\/\/www.retourjeans.com\/de\/wp-json\/wp\/v2\/media\/3585353"}],"wp:attachment":[{"href":"https:\/\/www.retourjeans.com\/de\/wp-json\/wp\/v2\/media?parent=3418611"}],"wp:term":[{"taxonomy":"product_cat","embeddable":true,"href":"https:\/\/www.retourjeans.com\/de\/wp-json\/wp\/v2\/product_cat?post=3418611"},{"taxonomy":"product_tag","embeddable":true,"href":"https:\/\/www.retourjeans.com\/de\/wp-json\/wp\/v2\/product_tag?post=3418611"}],"curies":[{"name":"wp","href":"https:\/\/api.w.org\/{rel}","templated":true}]}}