{"id":3462911,"date":"2025-07-03T15:51:46","date_gmt":"2025-07-03T13:51:46","guid":{"rendered":"https:\/\/www.retourjeans.com\/product\/serina-raven\/"},"modified":"2026-04-10T06:07:03","modified_gmt":"2026-04-10T04:07:03","slug":"serina-raven","status":"publish","type":"product","link":"https:\/\/www.retourjeans.com\/de\/product\/serina-raven\/","title":{"rendered":"Serina"},"content":{"rendered":"<p>Pullover aus der Sommerkollektion von Retour Jeans mit coolem Artwork auf der Vorderseite und abgesenkten Schultern\u00e4hten. Der Pullover hat einen gerippten Abschluss am Hals, unten und an den \u00c4rmeln und hat Raglan\u00e4rmel.<\/p>","protected":false},"excerpt":{"rendered":"<p>Pullover aus der Sommerkollektion von Retour Jeans mit coolem Artwork auf der Vorderseite und abgesenkten Schultern\u00e4hten. Der Pullover hat einen gerippten Abschluss am Hals, unten und an den \u00c4rmeln und hat Raglan\u00e4rmel.<\/p>","protected":false},"featured_media":3462909,"template":"","meta":{"_acf_changed":false},"product_cat":[445,515,541,521],"product_tag":[787,720],"class_list":{"0":"post-3462911","1":"product","2":"type-product","3":"status-publish","4":"has-post-thumbnail","6":"product_cat-meisjes","7":"product_cat-truien-amp-vesten-445","8":"product_cat-truien-amp-vesten","9":"product_cat-sale","10":"product_tag-outlet","11":"product_tag-ss23-main","13":"first","14":"outofstock","15":"sale","16":"taxable","17":"shipping-taxable","18":"purchasable","19":"product-type-variable","20":"has-default-attributes"},"acf":[],"yoast_head":"<!-- This site is optimized with the Yoast SEO plugin v23.6 - https:\/\/yoast.com\/wordpress\/plugins\/seo\/ -->\n<title>Serina - Retour Jeans<\/title>\n<meta name=\"robots\" content=\"index, follow, max-snippet:-1, max-image-preview:large, max-video-preview:-1\" \/>\n<link rel=\"canonical\" href=\"https:\/\/www.retourjeans.com\/de\/product\/serina-raven\/\" \/>\n<meta property=\"og:locale\" content=\"de_DE\" \/>\n<meta property=\"og:type\" content=\"article\" \/>\n<meta property=\"og:title\" content=\"Serina - Retour Jeans\" \/>\n<meta property=\"og:description\" content=\"Sweater uit de zomercollectie van Retour Jeans met een stoer artwork aan de voorzijde en verlaagde schoudernaden. De sweater heeft een geribde boord rond de hals, aan de onderkant en onder aan de mouwen en heeft raglan mouwen.\" \/>\n<meta property=\"og:url\" content=\"https:\/\/www.retourjeans.com\/de\/product\/serina-raven\/\" \/>\n<meta property=\"og:site_name\" content=\"Retour Jeans\" \/>\n<meta property=\"article:modified_time\" content=\"2026-04-10T04:07:03+00:00\" \/>\n<meta property=\"og:image\" content=\"https:\/\/www.retourjeans.com\/wp-content\/uploads\/2025\/07\/2678-3e29-4e9d-819b-0cf7f8325d59.jpg\" \/>\n\t<meta property=\"og:image:width\" content=\"900\" \/>\n\t<meta property=\"og:image:height\" content=\"900\" \/>\n\t<meta property=\"og:image:type\" content=\"image\/jpeg\" \/>\n<meta name=\"twitter:card\" content=\"summary_large_image\" \/>\n<script type=\"application\/ld+json\" class=\"yoast-schema-graph\">{\"@context\":\"https:\/\/schema.org\",\"@graph\":[{\"@type\":\"WebPage\",\"@id\":\"https:\/\/www.retourjeans.com\/product\/serina-raven\/\",\"url\":\"https:\/\/www.retourjeans.com\/product\/serina-raven\/\",\"name\":\"Serina - Retour Jeans\",\"isPartOf\":{\"@id\":\"https:\/\/www.retourjeans.com\/#website\"},\"primaryImageOfPage\":{\"@id\":\"https:\/\/www.retourjeans.com\/product\/serina-raven\/#primaryimage\"},\"image\":{\"@id\":\"https:\/\/www.retourjeans.com\/product\/serina-raven\/#primaryimage\"},\"thumbnailUrl\":\"https:\/\/www.retourjeans.com\/wp-content\/uploads\/2025\/07\/2678-3e29-4e9d-819b-0cf7f8325d59.jpg\",\"datePublished\":\"2025-07-03T13:51:46+00:00\",\"dateModified\":\"2026-04-10T04:07:03+00:00\",\"breadcrumb\":{\"@id\":\"https:\/\/www.retourjeans.com\/product\/serina-raven\/#breadcrumb\"},\"inLanguage\":\"de-DE\",\"potentialAction\":[{\"@type\":\"ReadAction\",\"target\":[\"https:\/\/www.retourjeans.com\/product\/serina-raven\/\"]}]},{\"@type\":\"ImageObject\",\"inLanguage\":\"de-DE\",\"@id\":\"https:\/\/www.retourjeans.com\/product\/serina-raven\/#primaryimage\",\"url\":\"https:\/\/www.retourjeans.com\/wp-content\/uploads\/2025\/07\/2678-3e29-4e9d-819b-0cf7f8325d59.jpg\",\"contentUrl\":\"https:\/\/www.retourjeans.com\/wp-content\/uploads\/2025\/07\/2678-3e29-4e9d-819b-0cf7f8325d59.jpg\",\"width\":900,\"height\":900},{\"@type\":\"BreadcrumbList\",\"@id\":\"https:\/\/www.retourjeans.com\/product\/serina-raven\/#breadcrumb\",\"itemListElement\":[{\"@type\":\"ListItem\",\"position\":1,\"name\":\"Home\",\"item\":\"https:\/\/www.retourjeans.com\/\"},{\"@type\":\"ListItem\",\"position\":2,\"name\":\"Shop\",\"item\":\"https:\/\/www.retourjeans.com\/shop\/\"},{\"@type\":\"ListItem\",\"position\":3,\"name\":\"Serina\"}]},{\"@type\":\"WebSite\",\"@id\":\"https:\/\/www.retourjeans.com\/#website\",\"url\":\"https:\/\/www.retourjeans.com\/\",\"name\":\"Retour Jeans\",\"description\":\"\",\"potentialAction\":[{\"@type\":\"SearchAction\",\"target\":{\"@type\":\"EntryPoint\",\"urlTemplate\":\"https:\/\/www.retourjeans.com\/?s={search_term_string}\"},\"query-input\":{\"@type\":\"PropertyValueSpecification\",\"valueRequired\":true,\"valueName\":\"search_term_string\"}}],\"inLanguage\":\"de-DE\"}]}<\/script>\n<!-- \/ Yoast SEO plugin. -->","yoast_head_json":{"title":"Serina - Retour Jeans","robots":{"index":"index","follow":"follow","max-snippet":"max-snippet:-1","max-image-preview":"max-image-preview:large","max-video-preview":"max-video-preview:-1"},"canonical":"https:\/\/www.retourjeans.com\/de\/product\/serina-raven\/","og_locale":"de_DE","og_type":"article","og_title":"Serina - Retour Jeans","og_description":"Sweater uit de zomercollectie van Retour Jeans met een stoer artwork aan de voorzijde en verlaagde schoudernaden. De sweater heeft een geribde boord rond de hals, aan de onderkant en onder aan de mouwen en heeft raglan mouwen.","og_url":"https:\/\/www.retourjeans.com\/de\/product\/serina-raven\/","og_site_name":"Retour Jeans","article_modified_time":"2026-04-10T04:07:03+00:00","og_image":[{"width":900,"height":900,"url":"https:\/\/www.retourjeans.com\/wp-content\/uploads\/2025\/07\/2678-3e29-4e9d-819b-0cf7f8325d59.jpg","type":"image\/jpeg"}],"twitter_card":"summary_large_image","schema":{"@context":"https:\/\/schema.org","@graph":[{"@type":"WebPage","@id":"https:\/\/www.retourjeans.com\/product\/serina-raven\/","url":"https:\/\/www.retourjeans.com\/product\/serina-raven\/","name":"Serina - Retour Jeans","isPartOf":{"@id":"https:\/\/www.retourjeans.com\/#website"},"primaryImageOfPage":{"@id":"https:\/\/www.retourjeans.com\/product\/serina-raven\/#primaryimage"},"image":{"@id":"https:\/\/www.retourjeans.com\/product\/serina-raven\/#primaryimage"},"thumbnailUrl":"https:\/\/www.retourjeans.com\/wp-content\/uploads\/2025\/07\/2678-3e29-4e9d-819b-0cf7f8325d59.jpg","datePublished":"2025-07-03T13:51:46+00:00","dateModified":"2026-04-10T04:07:03+00:00","breadcrumb":{"@id":"https:\/\/www.retourjeans.com\/product\/serina-raven\/#breadcrumb"},"inLanguage":"de-DE","potentialAction":[{"@type":"ReadAction","target":["https:\/\/www.retourjeans.com\/product\/serina-raven\/"]}]},{"@type":"ImageObject","inLanguage":"de-DE","@id":"https:\/\/www.retourjeans.com\/product\/serina-raven\/#primaryimage","url":"https:\/\/www.retourjeans.com\/wp-content\/uploads\/2025\/07\/2678-3e29-4e9d-819b-0cf7f8325d59.jpg","contentUrl":"https:\/\/www.retourjeans.com\/wp-content\/uploads\/2025\/07\/2678-3e29-4e9d-819b-0cf7f8325d59.jpg","width":900,"height":900},{"@type":"BreadcrumbList","@id":"https:\/\/www.retourjeans.com\/product\/serina-raven\/#breadcrumb","itemListElement":[{"@type":"ListItem","position":1,"name":"Home","item":"https:\/\/www.retourjeans.com\/"},{"@type":"ListItem","position":2,"name":"Shop","item":"https:\/\/www.retourjeans.com\/shop\/"},{"@type":"ListItem","position":3,"name":"Serina"}]},{"@type":"WebSite","@id":"https:\/\/www.retourjeans.com\/#website","url":"https:\/\/www.retourjeans.com\/","name":"Retour Jeans","description":"","potentialAction":[{"@type":"SearchAction","target":{"@type":"EntryPoint","urlTemplate":"https:\/\/www.retourjeans.com\/?s={search_term_string}"},"query-input":{"@type":"PropertyValueSpecification","valueRequired":true,"valueName":"search_term_string"}}],"inLanguage":"de-DE"}]}},"_links":{"self":[{"href":"https:\/\/www.retourjeans.com\/de\/wp-json\/wp\/v2\/product\/3462911"}],"collection":[{"href":"https:\/\/www.retourjeans.com\/de\/wp-json\/wp\/v2\/product"}],"about":[{"href":"https:\/\/www.retourjeans.com\/de\/wp-json\/wp\/v2\/types\/product"}],"wp:featuredmedia":[{"embeddable":true,"href":"https:\/\/www.retourjeans.com\/de\/wp-json\/wp\/v2\/media\/3462909"}],"wp:attachment":[{"href":"https:\/\/www.retourjeans.com\/de\/wp-json\/wp\/v2\/media?parent=3462911"}],"wp:term":[{"taxonomy":"product_cat","embeddable":true,"href":"https:\/\/www.retourjeans.com\/de\/wp-json\/wp\/v2\/product_cat?post=3462911"},{"taxonomy":"product_tag","embeddable":true,"href":"https:\/\/www.retourjeans.com\/de\/wp-json\/wp\/v2\/product_tag?post=3462911"}],"curies":[{"name":"wp","href":"https:\/\/api.w.org\/{rel}","templated":true}]}}