{"id":3469179,"date":"2025-07-07T08:57:19","date_gmt":"2025-07-07T06:57:19","guid":{"rendered":"https:\/\/www.retourjeans.com\/product\/elia-light-blue-denim\/"},"modified":"2026-04-10T05:04:03","modified_gmt":"2026-04-10T03:04:03","slug":"elia-light-blue-denim","status":"publish","type":"product","link":"https:\/\/www.retourjeans.com\/de\/product\/elia-light-blue-denim\/","title":{"rendered":"Elia"},"content":{"rendered":"<p>Die Jeansmarke Nr. 01! Diese 5-Pocket-Denim-Shorts aus der Sommerkollektion von Retour Jeans besteht aus super dehnbarem Denim f\u00fcr optimale Bewegungsfreiheit. Sie verf\u00fcgt \u00fcber einen verstellbaren Gummizug in der Taille und einen Hosenschlitz mit Knopf und Rei\u00dfverschluss.<\/p>","protected":false},"excerpt":{"rendered":"<p>Die Jeansmarke Nr. 01! Diese 5-Pocket-Denim-Shorts aus der Sommerkollektion von Retour Jeans besteht aus super dehnbarem Denim f\u00fcr optimale Bewegungsfreiheit. Sie verf\u00fcgt \u00fcber einen verstellbaren Gummizug in der Taille und einen Hosenschlitz mit Knopf und Rei\u00dfverschluss.<\/p>","protected":false},"featured_media":3469177,"template":"","meta":{"_acf_changed":false},"product_cat":[475,546,450,521],"product_tag":[787,721],"class_list":{"0":"post-3469179","1":"product","2":"type-product","3":"status-publish","4":"has-post-thumbnail","6":"product_cat-jeans-450","7":"product_cat-jeans","8":"product_cat-jongens","9":"product_cat-sale","10":"product_tag-outlet","11":"product_tag-ss23-flash","13":"first","14":"outofstock","15":"sale","16":"taxable","17":"shipping-taxable","18":"purchasable","19":"product-type-variable","20":"has-default-attributes"},"acf":[],"yoast_head":"<!-- This site is optimized with the Yoast SEO plugin v23.6 - https:\/\/yoast.com\/wordpress\/plugins\/seo\/ -->\n<title>Elia - Retour Jeans<\/title>\n<meta name=\"robots\" content=\"index, follow, max-snippet:-1, max-image-preview:large, max-video-preview:-1\" \/>\n<link rel=\"canonical\" href=\"https:\/\/www.retourjeans.com\/de\/product\/elia-light-blue-denim\/\" \/>\n<meta property=\"og:locale\" content=\"de_DE\" \/>\n<meta property=\"og:type\" content=\"article\" \/>\n<meta property=\"og:title\" content=\"Elia - Retour Jeans\" \/>\n<meta property=\"og:description\" content=\"The nr.01 jeans brand! Deze 5-pocket denim short uit de zomercollectie van Retour Jeans heeft super elastisch denim voor een optimale bewegingsvrijheid. Voorzien van een verstelbaar elastiek in de taille en een gulp met knoop- en ritssluiting.\" \/>\n<meta property=\"og:url\" content=\"https:\/\/www.retourjeans.com\/de\/product\/elia-light-blue-denim\/\" \/>\n<meta property=\"og:site_name\" content=\"Retour Jeans\" \/>\n<meta property=\"article:modified_time\" content=\"2026-04-10T03:04:03+00:00\" \/>\n<meta property=\"og:image\" content=\"https:\/\/www.retourjeans.com\/wp-content\/uploads\/2025\/07\/1c8f-4f36-47ac-8a7a-272269c39ce3.jpg\" \/>\n\t<meta property=\"og:image:width\" content=\"900\" \/>\n\t<meta property=\"og:image:height\" content=\"900\" \/>\n\t<meta property=\"og:image:type\" content=\"image\/jpeg\" \/>\n<meta name=\"twitter:card\" content=\"summary_large_image\" \/>\n<script type=\"application\/ld+json\" class=\"yoast-schema-graph\">{\"@context\":\"https:\/\/schema.org\",\"@graph\":[{\"@type\":\"WebPage\",\"@id\":\"https:\/\/www.retourjeans.com\/product\/elia-light-blue-denim\/\",\"url\":\"https:\/\/www.retourjeans.com\/product\/elia-light-blue-denim\/\",\"name\":\"Elia - Retour Jeans\",\"isPartOf\":{\"@id\":\"https:\/\/www.retourjeans.com\/#website\"},\"primaryImageOfPage\":{\"@id\":\"https:\/\/www.retourjeans.com\/product\/elia-light-blue-denim\/#primaryimage\"},\"image\":{\"@id\":\"https:\/\/www.retourjeans.com\/product\/elia-light-blue-denim\/#primaryimage\"},\"thumbnailUrl\":\"https:\/\/www.retourjeans.com\/wp-content\/uploads\/2025\/07\/1c8f-4f36-47ac-8a7a-272269c39ce3.jpg\",\"datePublished\":\"2025-07-07T06:57:19+00:00\",\"dateModified\":\"2026-04-10T03:04:03+00:00\",\"breadcrumb\":{\"@id\":\"https:\/\/www.retourjeans.com\/product\/elia-light-blue-denim\/#breadcrumb\"},\"inLanguage\":\"de-DE\",\"potentialAction\":[{\"@type\":\"ReadAction\",\"target\":[\"https:\/\/www.retourjeans.com\/product\/elia-light-blue-denim\/\"]}]},{\"@type\":\"ImageObject\",\"inLanguage\":\"de-DE\",\"@id\":\"https:\/\/www.retourjeans.com\/product\/elia-light-blue-denim\/#primaryimage\",\"url\":\"https:\/\/www.retourjeans.com\/wp-content\/uploads\/2025\/07\/1c8f-4f36-47ac-8a7a-272269c39ce3.jpg\",\"contentUrl\":\"https:\/\/www.retourjeans.com\/wp-content\/uploads\/2025\/07\/1c8f-4f36-47ac-8a7a-272269c39ce3.jpg\",\"width\":900,\"height\":900},{\"@type\":\"BreadcrumbList\",\"@id\":\"https:\/\/www.retourjeans.com\/product\/elia-light-blue-denim\/#breadcrumb\",\"itemListElement\":[{\"@type\":\"ListItem\",\"position\":1,\"name\":\"Home\",\"item\":\"https:\/\/www.retourjeans.com\/\"},{\"@type\":\"ListItem\",\"position\":2,\"name\":\"Shop\",\"item\":\"https:\/\/www.retourjeans.com\/shop\/\"},{\"@type\":\"ListItem\",\"position\":3,\"name\":\"Elia\"}]},{\"@type\":\"WebSite\",\"@id\":\"https:\/\/www.retourjeans.com\/#website\",\"url\":\"https:\/\/www.retourjeans.com\/\",\"name\":\"Retour Jeans\",\"description\":\"\",\"potentialAction\":[{\"@type\":\"SearchAction\",\"target\":{\"@type\":\"EntryPoint\",\"urlTemplate\":\"https:\/\/www.retourjeans.com\/?s={search_term_string}\"},\"query-input\":{\"@type\":\"PropertyValueSpecification\",\"valueRequired\":true,\"valueName\":\"search_term_string\"}}],\"inLanguage\":\"de-DE\"}]}<\/script>\n<!-- \/ Yoast SEO plugin. -->","yoast_head_json":{"title":"Elia - Retour Jeans","robots":{"index":"index","follow":"follow","max-snippet":"max-snippet:-1","max-image-preview":"max-image-preview:large","max-video-preview":"max-video-preview:-1"},"canonical":"https:\/\/www.retourjeans.com\/de\/product\/elia-light-blue-denim\/","og_locale":"de_DE","og_type":"article","og_title":"Elia - Retour Jeans","og_description":"The nr.01 jeans brand! Deze 5-pocket denim short uit de zomercollectie van Retour Jeans heeft super elastisch denim voor een optimale bewegingsvrijheid. Voorzien van een verstelbaar elastiek in de taille en een gulp met knoop- en ritssluiting.","og_url":"https:\/\/www.retourjeans.com\/de\/product\/elia-light-blue-denim\/","og_site_name":"Retour Jeans","article_modified_time":"2026-04-10T03:04:03+00:00","og_image":[{"width":900,"height":900,"url":"https:\/\/www.retourjeans.com\/wp-content\/uploads\/2025\/07\/1c8f-4f36-47ac-8a7a-272269c39ce3.jpg","type":"image\/jpeg"}],"twitter_card":"summary_large_image","schema":{"@context":"https:\/\/schema.org","@graph":[{"@type":"WebPage","@id":"https:\/\/www.retourjeans.com\/product\/elia-light-blue-denim\/","url":"https:\/\/www.retourjeans.com\/product\/elia-light-blue-denim\/","name":"Elia - Retour Jeans","isPartOf":{"@id":"https:\/\/www.retourjeans.com\/#website"},"primaryImageOfPage":{"@id":"https:\/\/www.retourjeans.com\/product\/elia-light-blue-denim\/#primaryimage"},"image":{"@id":"https:\/\/www.retourjeans.com\/product\/elia-light-blue-denim\/#primaryimage"},"thumbnailUrl":"https:\/\/www.retourjeans.com\/wp-content\/uploads\/2025\/07\/1c8f-4f36-47ac-8a7a-272269c39ce3.jpg","datePublished":"2025-07-07T06:57:19+00:00","dateModified":"2026-04-10T03:04:03+00:00","breadcrumb":{"@id":"https:\/\/www.retourjeans.com\/product\/elia-light-blue-denim\/#breadcrumb"},"inLanguage":"de-DE","potentialAction":[{"@type":"ReadAction","target":["https:\/\/www.retourjeans.com\/product\/elia-light-blue-denim\/"]}]},{"@type":"ImageObject","inLanguage":"de-DE","@id":"https:\/\/www.retourjeans.com\/product\/elia-light-blue-denim\/#primaryimage","url":"https:\/\/www.retourjeans.com\/wp-content\/uploads\/2025\/07\/1c8f-4f36-47ac-8a7a-272269c39ce3.jpg","contentUrl":"https:\/\/www.retourjeans.com\/wp-content\/uploads\/2025\/07\/1c8f-4f36-47ac-8a7a-272269c39ce3.jpg","width":900,"height":900},{"@type":"BreadcrumbList","@id":"https:\/\/www.retourjeans.com\/product\/elia-light-blue-denim\/#breadcrumb","itemListElement":[{"@type":"ListItem","position":1,"name":"Home","item":"https:\/\/www.retourjeans.com\/"},{"@type":"ListItem","position":2,"name":"Shop","item":"https:\/\/www.retourjeans.com\/shop\/"},{"@type":"ListItem","position":3,"name":"Elia"}]},{"@type":"WebSite","@id":"https:\/\/www.retourjeans.com\/#website","url":"https:\/\/www.retourjeans.com\/","name":"Retour Jeans","description":"","potentialAction":[{"@type":"SearchAction","target":{"@type":"EntryPoint","urlTemplate":"https:\/\/www.retourjeans.com\/?s={search_term_string}"},"query-input":{"@type":"PropertyValueSpecification","valueRequired":true,"valueName":"search_term_string"}}],"inLanguage":"de-DE"}]}},"_links":{"self":[{"href":"https:\/\/www.retourjeans.com\/de\/wp-json\/wp\/v2\/product\/3469179"}],"collection":[{"href":"https:\/\/www.retourjeans.com\/de\/wp-json\/wp\/v2\/product"}],"about":[{"href":"https:\/\/www.retourjeans.com\/de\/wp-json\/wp\/v2\/types\/product"}],"wp:featuredmedia":[{"embeddable":true,"href":"https:\/\/www.retourjeans.com\/de\/wp-json\/wp\/v2\/media\/3469177"}],"wp:attachment":[{"href":"https:\/\/www.retourjeans.com\/de\/wp-json\/wp\/v2\/media?parent=3469179"}],"wp:term":[{"taxonomy":"product_cat","embeddable":true,"href":"https:\/\/www.retourjeans.com\/de\/wp-json\/wp\/v2\/product_cat?post=3469179"},{"taxonomy":"product_tag","embeddable":true,"href":"https:\/\/www.retourjeans.com\/de\/wp-json\/wp\/v2\/product_tag?post=3469179"}],"curies":[{"name":"wp","href":"https:\/\/api.w.org\/{rel}","templated":true}]}}